{"id":26,"date":"2021-07-16T18:39:07","date_gmt":"2021-07-16T18:39:07","guid":{"rendered":"http:\/\/app.rcastellanos.cdmx.gob.mx\/irc\/administracion-finanzas\/?page_id=26"},"modified":"2022-08-26T20:11:19","modified_gmt":"2022-08-26T20:11:19","slug":"circulares","status":"publish","type":"page","link":"http:\/\/app.rcastellanos.cdmx.gob.mx\/irc\/administracion-finanzas\/finanzas-ch\/circulares\/","title":{"rendered":"Capital humano &#8211; Circulares"},"content":{"rendered":"\n<div class=\"wp-block-group alignwide has-background\" style=\"background-color:#ffffff\"><div class=\"wp-block-group__inner-container\"><div class=\"breadcrumbs \" typeof=\"BreadcrumbList\" vocab=\"https:\/\/schema.org\/\"><span property=\"itemListElement\" typeof=\"ListItem\"><a property=\"item\" typeof=\"WebPage\" title=\"Go to Direcci\u00f3n de Administraci\u00f3n y Finanzas.\" href=\"http:\/\/app.rcastellanos.cdmx.gob.mx\/irc\/administracion-finanzas\" class=\"home\" ><span property=\"name\">Inicio<\/span><\/a><meta property=\"position\" content=\"1\"><\/span> &#047; <span property=\"itemListElement\" typeof=\"ListItem\"><a property=\"item\" typeof=\"WebPage\" title=\"Go to Noticias.\" href=\"http:\/\/app.rcastellanos.cdmx.gob.mx\/irc\/administracion-finanzas\/noticias\/\" class=\"post-root post post-post\" aria-current=\"page\"><span property=\"name\">Noticias<\/span><\/a><meta property=\"position\" content=\"2\"><\/span><\/div>\n\n\n<h2>2022<\/h2>\n\n\n\n<h3>Agosto<\/h3>\n\n\n\n<ul><li><strong><a href=\"http:\/\/app.rcastellanos.cdmx.gob.mx\/irc\/administracion-finanzas\/wp-content\/uploads\/sites\/2\/2022\/08\/Circular-SECTEI-IESRC-DAF-SFCH-15-2022.pdf\" target=\"_blank\" rel=\"noreferrer noopener\">Circular No. SECTEI\/IESRC\/DAF\/SFCH\/15\/2022<\/a><\/strong><\/li><li><strong><a rel=\"noreferrer noopener\" href=\"http:\/\/app.rcastellanos.cdmx.gob.mx\/irc\/administracion-finanzas\/wp-content\/uploads\/sites\/2\/2022\/08\/Circular-SECTEI-IESRC-DAF-SFCH-14-2022.pdf\" target=\"_blank\">Circular SECTEI\/IESRC\/DAF\/SFCH\/14\/2022<\/a><\/strong><\/li><li><strong><a rel=\"noreferrer noopener\" href=\"http:\/\/app.rcastellanos.cdmx.gob.mx\/irc\/administracion-finanzas\/wp-content\/uploads\/sites\/2\/2022\/08\/CIRCULAR-DAF_09_2022.pdf\" target=\"_blank\">Circular DAF\/09\/2022<\/a><\/strong><\/li><\/ul>\n\n\n\n<h3>Junio<\/h3>\n\n\n\n<ul><li><strong><a href=\"http:\/\/app.rcastellanos.cdmx.gob.mx\/irc\/administracion-finanzas\/wp-content\/uploads\/sites\/2\/2022\/06\/REGISTRO_DEL_PERSONAL_DE_HONORARIOS_1.pdf\" target=\"_blank\" rel=\"noreferrer noopener\">Circular No. SECTEI\/IESRC\/DAF\/SFCH\/06\/2022 &#8211; Tarjeta de acceso para prestadores de servicios asimilables a salarios<\/a><\/strong><\/li><li><strong><a href=\"http:\/\/app.rcastellanos.cdmx.gob.mx\/irc\/administracion-finanzas\/wp-content\/uploads\/sites\/2\/2022\/06\/REGISTRO_DEL_PERSONAL_DE_ESTRUCTURA_1.pdf\" target=\"_blank\" rel=\"noreferrer noopener\">Circular No. SECTEI\/IESRC\/DAF\/SFCH\/05\/2022 &#8211; Credencializaci\u00f3n Digital para el Personal de Estructura<\/a><\/strong><\/li><li><strong><a rel=\"noreferrer noopener\" href=\"http:\/\/app.rcastellanos.cdmx.gob.mx\/irc\/administracion-finanzas\/wp-content\/uploads\/sites\/2\/2022\/06\/Circular-SECTEI-IESRC-DAF-SFCH-09-2022.pdf\" data-type=\"URL\" data-id=\"http:\/\/app.rcastellanos.cdmx.gob.mx\/irc\/administracion-finanzas\/wp-content\/uploads\/sites\/2\/2022\/06\/Circular-SECTEI-IESRC-DAF-SFCH-09-2022.pdf\" target=\"_blank\">Circular No. SECTEI\/IESRC\/DAF\/SFCH\/09\/2022<\/a><\/strong><\/li><\/ul>\n\n\n\n<h3>Marzo<\/h3>\n\n\n\n<ul><li><strong><a rel=\"noreferrer noopener\" href=\"http:\/\/app.rcastellanos.cdmx.gob.mx\/irc\/administracion-finanzas\/wp-content\/uploads\/sites\/2\/2022\/03\/CIRCULAR-OFICIODAF-001-2022.pdf\" target=\"_blank\">Circular No. SECTEI\/IESRC\/DAF\/001\/2022<\/a><\/strong><\/li><li><strong><a rel=\"noreferrer noopener\" href=\"http:\/\/app.rcastellanos.cdmx.gob.mx\/irc\/administracion-finanzas\/wp-content\/uploads\/sites\/2\/2022\/03\/Circular-SECTEI-IESRC-DAF-SFCH-03-2022.pdf\" target=\"_blank\">Circular No. SECTEI\/IERC\/DAF\/SFCH\/03\/2022<\/a><\/strong><\/li><li><strong><a rel=\"noreferrer noopener\" href=\"http:\/\/app.rcastellanos.cdmx.gob.mx\/irc\/administracion-finanzas\/wp-content\/uploads\/sites\/2\/2022\/04\/Circular-SECTEI-IESRC-DAF-SFCH-05-2022.pdf\" target=\"_blank\">Circular No. SECTEI\/IERC\/DAF\/SFCH\/05\/2022<\/a><\/strong><\/li><li><strong><a rel=\"noreferrer noopener\" href=\"http:\/\/app.rcastellanos.cdmx.gob.mx\/irc\/administracion-finanzas\/wp-content\/uploads\/sites\/2\/2022\/04\/Circular-SECTEI-IESRC-DAF-SFCH-06-2022.pdf\" target=\"_blank\">Circular No. SECTEI\/IERC\/DAF\/SFCH\/06\/2022<\/a><\/strong><\/li><\/ul>\n\n\n\n<h3>Enero<\/h3>\n\n\n\n<ul><li><a href=\"http:\/\/app.rcastellanos.cdmx.gob.mx\/irc\/administracion-finanzas\/wp-content\/uploads\/sites\/2\/2022\/01\/CIRCULAR_-SECTEI_IESRC_DAF_03_2022.pdf\" target=\"_blank\" rel=\"noreferrer noopener\"><strong>Circular No. SECTEI\/IESR\/DAF\/03\/2022<\/strong><\/a><\/li><li><strong><a rel=\"noreferrer noopener\" href=\"http:\/\/app.rcastellanos.cdmx.gob.mx\/irc\/administracion-finanzas\/wp-content\/uploads\/sites\/2\/2022\/01\/Circular-SECTEI-IESRC-DAF-SFCH-01-2022.pdf\" target=\"_blank\">Circular No. SECTEI\/IESRC\/DAF\/SFCH\/01\/2022<\/a><\/strong><\/li><\/ul>\n\n\n\n<hr class=\"wp-block-separator\"\/>\n\n\n\n<h2>2021<\/h2>\n\n\n\n<h3>Diciembre<\/h3>\n\n\n\n<ul><li><strong><a rel=\"noreferrer noopener\" href=\"http:\/\/app.rcastellanos.cdmx.gob.mx\/irc\/administracion-finanzas\/wp-content\/uploads\/sites\/2\/2021\/12\/CIRCULAR-03-SFCH.pdf\" target=\"_blank\">Circular: SECTEI\/IESRC\/DAF\/SFCH\/03\/2021- Calendario de Procesos de N\u00f3mina SUN 2022<\/a><\/strong><\/li><\/ul>\n\n\n\n<h3>Noviembre<\/h3>\n\n\n\n<ul><li><a href=\"http:\/\/app.rcastellanos.cdmx.gob.mx\/irc\/administracion-finanzas\/wp-content\/uploads\/sites\/2\/2021\/11\/CIRCULAR-002_2021.pdf\" target=\"_blank\" rel=\"noreferrer noopener\"><strong>Circular No. 002\/2021 &#8211; Circular correspondiente al pago de aguinaldo, pago \u00fanico&nbsp;&nbsp;y n\u00f3mina del fin de a\u00f1o 2021<\/strong><\/a><\/li><\/ul>\n\n\n\n<h3>Junio<\/h3>\n\n\n\n<ul><li><strong><a rel=\"noreferrer noopener\" href=\"http:\/\/app.rcastellanos.cdmx.gob.mx\/irc\/administracion-finanzas\/wp-content\/uploads\/sites\/2\/2021\/07\/Circular-SECTEI_IESRC_DAF_019_2021.pdf\" target=\"_blank\">Circular SECTEI\/IESRC\/DAF\/019\/2021<\/a><\/strong><\/li><li><a href=\"http:\/\/app.rcastellanos.cdmx.gob.mx\/irc\/administracion-finanzas\/wp-content\/uploads\/sites\/2\/2021\/07\/LEGISLACION-APLICABLE-IRC.docx\" target=\"_blank\" rel=\"noreferrer noopener\"><strong>Legislaci\u00f3n aplicable IRC<\/strong><\/a><\/li><li><strong><a href=\"http:\/\/app.rcastellanos.cdmx.gob.mx\/irc\/administracion-finanzas\/wp-content\/uploads\/sites\/2\/2021\/07\/CARTA-DE-OBLIGACIONES-DE-LOS-SERVIDORES-PUBLICOS.docx\" target=\"_blank\" rel=\"noreferrer noopener\">Carta de obligaciones de los servidores p\u00fablicos<\/a><\/strong><\/li><\/ul>\n\n\n\n<h3>Abril<\/h3>\n\n\n\n<ul><li><strong><a href=\"http:\/\/app.rcastellanos.cdmx.gob.mx\/irc\/administracion-finanzas\/wp-content\/uploads\/sites\/2\/2021\/07\/Circular-No.-DAF-12-2021-Reinicio-Actividades-COVID-19.pdf\" target=\"_blank\" rel=\"noreferrer noopener\">Circular No. SECTEI\/IESRC\/DAF\/ 012\/2021 &#8211; Reinicio Actividades COVID-19<\/a><\/strong><\/li><li><strong><a rel=\"noreferrer noopener\" href=\"http:\/\/app.rcastellanos.cdmx.gob.mx\/irc\/administracion-finanzas\/wp-content\/uploads\/sites\/2\/2021\/07\/Circular-No.-DAF-09-2021-Acta-Entrega-Recepcion-Honorarios.pdf\" target=\"_blank\">Circular No. DAF\/ 09\/2021 &#8211; Acta Entrega Recepci\u00f3n Honorarios<\/a><\/strong><\/li><li><strong><a rel=\"noreferrer noopener\" href=\"http:\/\/app.rcastellanos.cdmx.gob.mx\/irc\/administracion-finanzas\/wp-content\/uploads\/sites\/2\/2021\/07\/Circular-No.-DAF-08-2021-Acta-Entrega-Recepcion-Estructura.pdf\" target=\"_blank\">Circular No. DAF\/ 08\/2021 &#8211; Acta Entrega Recepci\u00f3n Estructura<\/a><\/strong><\/li><\/ul>\n\n\n\n<h3>Marzo<\/h3>\n\n\n\n<ul><li><strong><a href=\"http:\/\/app.rcastellanos.cdmx.gob.mx\/irc\/administracion-finanzas\/wp-content\/uploads\/sites\/2\/2021\/07\/Circular-No.-DAF-06-2021-Periodo-Vacacional-Estructura-2021.pdf\" target=\"_blank\" rel=\"noreferrer noopener\">Circular No. SECTEI\/IESRC\/DAF\/ 06\/2021 &#8211; Periodo Vacacional Estructura 2021<\/a><\/strong><\/li><\/ul>\n\n\n\n<h3>Enero<\/h3>\n\n\n\n<ul><li><a rel=\"noreferrer noopener\" href=\"http:\/\/app.rcastellanos.cdmx.gob.mx\/irc\/administracion-finanzas\/wp-content\/uploads\/sites\/2\/2021\/07\/Circular-No.-DAF-02-2021-Declaracion-ISR-2020.pdf\" target=\"_blank\"><strong>Circular No. SECTEI\/IESRC\/DAF\/ 002\/2021 &#8211; Declaraci\u00f3n ISR 2020<\/strong><\/a><\/li><li><strong><a rel=\"noreferrer noopener\" href=\"http:\/\/app.rcastellanos.cdmx.gob.mx\/irc\/administracion-finanzas\/wp-content\/uploads\/sites\/2\/2021\/07\/Circular-No.-DAF-01-2021-Personal-Estructura.pdf\" target=\"_blank\">Circular No. SECTEI\/IESRC\/DAF\/ 001\/2021 &#8211; Personal Estructura<\/a><\/strong><\/li><\/ul>\n<\/div><\/div>\n","protected":false},"excerpt":{"rendered":"","protected":false},"author":1,"featured_media":0,"parent":542,"menu_order":0,"comment_status":"closed","ping_status":"closed","template":"templates\/template-full-width.php","meta":[],"_links":{"self":[{"href":"http:\/\/app.rcastellanos.cdmx.gob.mx\/irc\/administracion-finanzas\/wp-json\/wp\/v2\/pages\/26"}],"collection":[{"href":"http:\/\/app.rcastellanos.cdmx.gob.mx\/irc\/administracion-finanzas\/wp-json\/wp\/v2\/pages"}],"about":[{"href":"http:\/\/app.rcastellanos.cdmx.gob.mx\/irc\/administracion-finanzas\/wp-json\/wp\/v2\/types\/page"}],"author":[{"embeddable":true,"href":"http:\/\/app.rcastellanos.cdmx.gob.mx\/irc\/administracion-finanzas\/wp-json\/wp\/v2\/users\/1"}],"replies":[{"embeddable":true,"href":"http:\/\/app.rcastellanos.cdmx.gob.mx\/irc\/administracion-finanzas\/wp-json\/wp\/v2\/comments?post=26"}],"version-history":[{"count":56,"href":"http:\/\/app.rcastellanos.cdmx.gob.mx\/irc\/administracion-finanzas\/wp-json\/wp\/v2\/pages\/26\/revisions"}],"predecessor-version":[{"id":869,"href":"http:\/\/app.rcastellanos.cdmx.gob.mx\/irc\/administracion-finanzas\/wp-json\/wp\/v2\/pages\/26\/revisions\/869"}],"up":[{"embeddable":true,"href":"http:\/\/app.rcastellanos.cdmx.gob.mx\/irc\/administracion-finanzas\/wp-json\/wp\/v2\/pages\/542"}],"wp:attachment":[{"href":"http:\/\/app.rcastellanos.cdmx.gob.mx\/irc\/administracion-finanzas\/wp-json\/wp\/v2\/media?parent=26"}],"curies":[{"name":"wp","href":"https:\/\/api.w.org\/{rel}","templated":true}]}}