{"id":32,"date":"2021-07-16T18:39:59","date_gmt":"2021-07-16T18:39:59","guid":{"rendered":"http:\/\/app.rcastellanos.cdmx.gob.mx\/irc\/administracion-finanzas\/?page_id=32"},"modified":"2021-12-28T01:10:41","modified_gmt":"2021-12-28T01:10:41","slug":"licitacion-publica","status":"publish","type":"page","link":"http:\/\/app.rcastellanos.cdmx.gob.mx\/irc\/administracion-finanzas\/licitacion-publica\/","title":{"rendered":"Licitaci\u00f3n p\u00fablica"},"content":{"rendered":"\n<div class=\"wp-block-group alignwide licitacion-publica has-background\" style=\"background-color:#ffffff\"><div class=\"wp-block-group__inner-container\"><div class=\"breadcrumbs \" typeof=\"BreadcrumbList\" vocab=\"https:\/\/schema.org\/\"><span property=\"itemListElement\" typeof=\"ListItem\"><a property=\"item\" typeof=\"WebPage\" title=\"Go to Direcci\u00f3n de Administraci\u00f3n y Finanzas.\" href=\"http:\/\/app.rcastellanos.cdmx.gob.mx\/irc\/administracion-finanzas\" class=\"home\" ><span property=\"name\">Inicio<\/span><\/a><meta property=\"position\" content=\"1\"><\/span> &#047; <span property=\"itemListElement\" typeof=\"ListItem\"><a property=\"item\" typeof=\"WebPage\" title=\"Go to Noticias.\" href=\"http:\/\/app.rcastellanos.cdmx.gob.mx\/irc\/administracion-finanzas\/noticias\/\" class=\"post-root post post-post\" aria-current=\"page\"><span property=\"name\">Noticias<\/span><\/a><meta property=\"position\" content=\"2\"><\/span><\/div>\n\n\n<p>Procedimiento administrativo por virtud del cual se convoca p\u00fablicamente a los licitantes para participar, adjudic\u00e1ndose al que ofrezca las mejores condiciones a la Administraci\u00f3n P\u00fablica de la Ciudad de M\u00e9xico un contrato relativo a adquisiciones, arrendamientos o prestaci\u00f3n de servicios relacionados con bienes muebles.<\/p>\n\n\n\n<div class=\"resaltado rounded p-5\"> \n    <p><strong>Nacional<\/strong>: \u00danicamente pueden participar proveedores nacionales y los bienes a adquirir sean producidos en el pa\u00eds y cuenten por lo menos con un 50 % de contenido de integraci\u00f3n nacional.<\/p>\n    \n    <p><strong>Internacional<\/strong>: Participan proveedores nacionales como extranjeros.<\/p>\n  <\/div>\n\n\n\n<hr class=\"wp-block-separator\"\/>\n\n\n\n<h2>Licitaciones cerradas<\/h2>\n\n\n\n<ul id=\"block-27caa238-11d9-4c94-9ebb-2158466c3cd7\"><li><strong>Licitaci\u00f3n p\u00fablica nacional No. SECTEI\/IESRC\/LPN\/001\/2022<\/strong>, contrataci\u00f3n del Servicio Integral de Limpieza con Suministro de Materiales e Insumos de Intendencia, Jardiner\u00eda y Fumigaci\u00f3n.<\/li><li><strong>Licitaci\u00f3n p\u00fablica nacional No. SECTEI\/IESRC\/LPN\/002\/2022<\/strong>, contrataci\u00f3n del Servicio para Adaptaciones y Reparaciones Menores a las Instalaciones.<\/li><li><strong>Licitaci\u00f3n P\u00fablica Nacional, No. SECTEI\/IESRC\/LPN\/003\/2021<\/strong><\/li><\/ul>\n<\/div><\/div>\n","protected":false},"excerpt":{"rendered":"","protected":false},"author":1,"featured_media":0,"parent":0,"menu_order":0,"comment_status":"closed","ping_status":"closed","template":"","meta":[],"_links":{"self":[{"href":"http:\/\/app.rcastellanos.cdmx.gob.mx\/irc\/administracion-finanzas\/wp-json\/wp\/v2\/pages\/32"}],"collection":[{"href":"http:\/\/app.rcastellanos.cdmx.gob.mx\/irc\/administracion-finanzas\/wp-json\/wp\/v2\/pages"}],"about":[{"href":"http:\/\/app.rcastellanos.cdmx.gob.mx\/irc\/administracion-finanzas\/wp-json\/wp\/v2\/types\/page"}],"author":[{"embeddable":true,"href":"http:\/\/app.rcastellanos.cdmx.gob.mx\/irc\/administracion-finanzas\/wp-json\/wp\/v2\/users\/1"}],"replies":[{"embeddable":true,"href":"http:\/\/app.rcastellanos.cdmx.gob.mx\/irc\/administracion-finanzas\/wp-json\/wp\/v2\/comments?post=32"}],"version-history":[{"count":49,"href":"http:\/\/app.rcastellanos.cdmx.gob.mx\/irc\/administracion-finanzas\/wp-json\/wp\/v2\/pages\/32\/revisions"}],"predecessor-version":[{"id":710,"href":"http:\/\/app.rcastellanos.cdmx.gob.mx\/irc\/administracion-finanzas\/wp-json\/wp\/v2\/pages\/32\/revisions\/710"}],"wp:attachment":[{"href":"http:\/\/app.rcastellanos.cdmx.gob.mx\/irc\/administracion-finanzas\/wp-json\/wp\/v2\/media?parent=32"}],"curies":[{"name":"wp","href":"https:\/\/api.w.org\/{rel}","templated":true}]}}