{"id":36,"date":"2021-07-16T18:40:46","date_gmt":"2021-07-16T18:40:46","guid":{"rendered":"http:\/\/app.rcastellanos.cdmx.gob.mx\/irc\/administracion-finanzas\/?page_id=36"},"modified":"2021-12-29T18:58:31","modified_gmt":"2021-12-29T18:58:31","slug":"manuales","status":"publish","type":"page","link":"http:\/\/app.rcastellanos.cdmx.gob.mx\/irc\/administracion-finanzas\/manuales\/","title":{"rendered":"Manuales"},"content":{"rendered":"\n<div class=\"wp-block-group alignwide has-background\" style=\"background-color:#ffffff\"><div class=\"wp-block-group__inner-container\"><div class=\"breadcrumbs \" typeof=\"BreadcrumbList\" vocab=\"https:\/\/schema.org\/\"><span property=\"itemListElement\" typeof=\"ListItem\"><a property=\"item\" typeof=\"WebPage\" title=\"Go to Direcci\u00f3n de Administraci\u00f3n y Finanzas.\" href=\"http:\/\/app.rcastellanos.cdmx.gob.mx\/irc\/administracion-finanzas\" class=\"home\" ><span property=\"name\">Inicio<\/span><\/a><meta property=\"position\" content=\"1\"><\/span> &#047; <span property=\"itemListElement\" typeof=\"ListItem\"><a property=\"item\" typeof=\"WebPage\" title=\"Go to Noticias.\" href=\"http:\/\/app.rcastellanos.cdmx.gob.mx\/irc\/administracion-finanzas\/noticias\/\" class=\"post-root post post-post\" aria-current=\"page\"><span property=\"name\">Noticias<\/span><\/a><meta property=\"position\" content=\"2\"><\/span><\/div>\n\n\n<ol class=\"lista-link-espacio\"><li><a rel=\"noreferrer noopener\" href=\"http:\/\/app.rcastellanos.cdmx.gob.mx\/irc\/administracion-finanzas\/wp-content\/uploads\/sites\/2\/2021\/12\/21_direccion_de_administracion_y_finanzas_instituto_rosario_castellanos.pdf\" target=\"_blank\"><strong>Manual&nbsp;Administrativo de la Direcci\u00f3n de Administraci\u00f3n y Finanzas<\/strong><\/a><\/li><li><strong><a rel=\"noreferrer noopener\" href=\"http:\/\/app.rcastellanos.cdmx.gob.mx\/irc\/administracion-finanzas\/wp-content\/uploads\/sites\/2\/2021\/12\/MEO-119_SAAPS-21-OD-SECITI-IESRC-81_010719.pdf\" target=\"_blank\">Manual de Integraci\u00f3n y Funcionamiento del Subcomit\u00e9 de Adquisiciones, Arrendamientos y Prestaci\u00f3n de Servicios<\/a><\/strong><\/li><li><strong><a rel=\"noreferrer noopener\" href=\"http:\/\/app.rcastellanos.cdmx.gob.mx\/irc\/administracion-finanzas\/wp-content\/uploads\/sites\/2\/2021\/12\/MEO-118_COTECD-21-OD-SECITI-IESRC-81_010719.pdf\" target=\"_blank\">Manual Espec\u00edfico de Operaci\u00f3n del Comit\u00e9 T\u00e9cnico Interno de Administraci\u00f3n de Documentos<\/a><\/strong><\/li><li><strong><a href=\"http:\/\/app.rcastellanos.cdmx.gob.mx\/irc\/administracion-finanzas\/wp-content\/uploads\/sites\/2\/2021\/12\/MEO-117_CARECI-21-OD-SECITI-IESRC-81_010719.pdf\" target=\"_blank\" rel=\"noreferrer noopener\">Manual de Integraci\u00f3n y Funcionamiento del Comit\u00e9 de Administraci\u00f3n de Riesgos y Evaluaci\u00f3n de Control Interno Institucional<\/a><\/strong><\/li><\/ol>\n\n\n\n<hr class=\"wp-block-separator\"\/>\n\n\n\n<h2>Publicaciones<\/h2>\n\n\n\n<ul><li><strong><a rel=\"noreferrer noopener\" href=\"http:\/\/app.rcastellanos.cdmx.gob.mx\/irc\/administracion-finanzas\/wp-content\/uploads\/sites\/2\/2021\/07\/Gaceta_CDMX_07_05_-2021-_-Manual-Administrativo2.pdf\" target=\"_blank\">Publicaci\u00f3n el Manual&nbsp;Administrativo de la Direcci\u00f3n de Administraci\u00f3n y Finanzas en la Gaceta Oficial de la Ciudad de M\u00e9xico<\/a><\/strong><\/li><\/ul>\n<\/div><\/div>\n","protected":false},"excerpt":{"rendered":"","protected":false},"author":1,"featured_media":0,"parent":0,"menu_order":0,"comment_status":"closed","ping_status":"closed","template":"","meta":[],"_links":{"self":[{"href":"http:\/\/app.rcastellanos.cdmx.gob.mx\/irc\/administracion-finanzas\/wp-json\/wp\/v2\/pages\/36"}],"collection":[{"href":"http:\/\/app.rcastellanos.cdmx.gob.mx\/irc\/administracion-finanzas\/wp-json\/wp\/v2\/pages"}],"about":[{"href":"http:\/\/app.rcastellanos.cdmx.gob.mx\/irc\/administracion-finanzas\/wp-json\/wp\/v2\/types\/page"}],"author":[{"embeddable":true,"href":"http:\/\/app.rcastellanos.cdmx.gob.mx\/irc\/administracion-finanzas\/wp-json\/wp\/v2\/users\/1"}],"replies":[{"embeddable":true,"href":"http:\/\/app.rcastellanos.cdmx.gob.mx\/irc\/administracion-finanzas\/wp-json\/wp\/v2\/comments?post=36"}],"version-history":[{"count":10,"href":"http:\/\/app.rcastellanos.cdmx.gob.mx\/irc\/administracion-finanzas\/wp-json\/wp\/v2\/pages\/36\/revisions"}],"predecessor-version":[{"id":728,"href":"http:\/\/app.rcastellanos.cdmx.gob.mx\/irc\/administracion-finanzas\/wp-json\/wp\/v2\/pages\/36\/revisions\/728"}],"wp:attachment":[{"href":"http:\/\/app.rcastellanos.cdmx.gob.mx\/irc\/administracion-finanzas\/wp-json\/wp\/v2\/media?parent=36"}],"curies":[{"name":"wp","href":"https:\/\/api.w.org\/{rel}","templated":true}]}}