{"id":599,"date":"2021-11-01T00:46:11","date_gmt":"2021-11-01T00:46:11","guid":{"rendered":"http:\/\/app.rcastellanos.cdmx.gob.mx\/irc\/administracion-finanzas\/?page_id=599"},"modified":"2021-11-01T00:47:54","modified_gmt":"2021-11-01T00:47:54","slug":"invitacion-restringida","status":"publish","type":"page","link":"http:\/\/app.rcastellanos.cdmx.gob.mx\/irc\/administracion-finanzas\/invitacion-restringida\/","title":{"rendered":"Invitaci\u00f3n restringida"},"content":{"rendered":"\n<div class=\"wp-block-group alignwide has-background\" style=\"background-color:#ffffff\"><div class=\"wp-block-group__inner-container\"><div class=\"breadcrumbs \" typeof=\"BreadcrumbList\" vocab=\"https:\/\/schema.org\/\"><span property=\"itemListElement\" typeof=\"ListItem\"><a property=\"item\" typeof=\"WebPage\" title=\"Go to Direcci\u00f3n de Administraci\u00f3n y Finanzas.\" href=\"http:\/\/app.rcastellanos.cdmx.gob.mx\/irc\/administracion-finanzas\" class=\"home\" ><span property=\"name\">Inicio<\/span><\/a><meta property=\"position\" content=\"1\"><\/span> &#047; <span property=\"itemListElement\" typeof=\"ListItem\"><a property=\"item\" typeof=\"WebPage\" title=\"Go to Noticias.\" href=\"http:\/\/app.rcastellanos.cdmx.gob.mx\/irc\/administracion-finanzas\/noticias\/\" class=\"post-root post post-post\" aria-current=\"page\"><span property=\"name\">Noticias<\/span><\/a><meta property=\"position\" content=\"2\"><\/span><\/div>\n\n\n<h2>Invitaci\u00f3n restringida a cuando menos tres proveedores<\/h2>\n\n\n\n<p>Es un procedimiento administrativo, que permite en forma discrecional, realizar un procedimiento para adquirir, arrendar o contratar, invitando a por lo menos tres oferentes a presentar propuestas, estos actos tienen en esencia las mismas formalidades de una licitaci\u00f3n p\u00fablica, a excepci\u00f3n de que no son procedimientos p\u00fablicos en los que pudiera participar cualquier interesado, cuya participaci\u00f3n est\u00e1 sujeta a la invitaci\u00f3n que las \u00e1reas convocantes realicen, no est\u00e1 sujeto a t\u00e9rminos, y para estar en posibilidad de continuar con el procedimiento, resulta necesario que una vez que han sido abiertos los sobres que contienen la documentaci\u00f3n legal-administrativa y t\u00e9cnica, se tengan por lo menos tres propuestas que cuantitativamente cumplan con la totalidad de los requisitos.<\/p>\n\n\n\n<p>La invitaci\u00f3n restringida a cuando menos tres proveedores, puede llevarse a cabo bajo dos supuestos: el primero, cuando se trata del presupuesto a ejercer y se encuentra dentro de los montos de actuaci\u00f3n al amparo del art\u00edculo 55 de la LADF, el cual no requiere de ser sometido al Comit\u00e9 o Subcomit\u00e9 correspondiente; y el segundo, cuando por monto corresponde llevar a cabo una licitaci\u00f3n p\u00fablica, pero dada la circunstancia, \u00e9ste se encuadra en alguna de las hip\u00f3tesis normativas de excepci\u00f3n consideradas en el art\u00edculo 54 de la LADF.<\/p>\n\n\n\n<p>El procedimiento de invitaci\u00f3n restringida se realizar\u00e1 atendiendo a lo previsto en el art\u00edculo 56 de la Ley natural y 51 de su Reglamento.<\/p>\n<\/div><\/div>\n","protected":false},"excerpt":{"rendered":"","protected":false},"author":1,"featured_media":0,"parent":0,"menu_order":0,"comment_status":"closed","ping_status":"closed","template":"","meta":[],"_links":{"self":[{"href":"http:\/\/app.rcastellanos.cdmx.gob.mx\/irc\/administracion-finanzas\/wp-json\/wp\/v2\/pages\/599"}],"collection":[{"href":"http:\/\/app.rcastellanos.cdmx.gob.mx\/irc\/administracion-finanzas\/wp-json\/wp\/v2\/pages"}],"about":[{"href":"http:\/\/app.rcastellanos.cdmx.gob.mx\/irc\/administracion-finanzas\/wp-json\/wp\/v2\/types\/page"}],"author":[{"embeddable":true,"href":"http:\/\/app.rcastellanos.cdmx.gob.mx\/irc\/administracion-finanzas\/wp-json\/wp\/v2\/users\/1"}],"replies":[{"embeddable":true,"href":"http:\/\/app.rcastellanos.cdmx.gob.mx\/irc\/administracion-finanzas\/wp-json\/wp\/v2\/comments?post=599"}],"version-history":[{"count":5,"href":"http:\/\/app.rcastellanos.cdmx.gob.mx\/irc\/administracion-finanzas\/wp-json\/wp\/v2\/pages\/599\/revisions"}],"predecessor-version":[{"id":606,"href":"http:\/\/app.rcastellanos.cdmx.gob.mx\/irc\/administracion-finanzas\/wp-json\/wp\/v2\/pages\/599\/revisions\/606"}],"wp:attachment":[{"href":"http:\/\/app.rcastellanos.cdmx.gob.mx\/irc\/administracion-finanzas\/wp-json\/wp\/v2\/media?parent=599"}],"curies":[{"name":"wp","href":"https:\/\/api.w.org\/{rel}","templated":true}]}}