{"id":880,"date":"2022-08-26T21:05:54","date_gmt":"2022-08-26T21:05:54","guid":{"rendered":"http:\/\/app.rcastellanos.cdmx.gob.mx\/irc\/administracion-finanzas\/?page_id=880"},"modified":"2022-08-26T21:25:02","modified_gmt":"2022-08-26T21:25:02","slug":"ch-formatos","status":"publish","type":"page","link":"http:\/\/app.rcastellanos.cdmx.gob.mx\/irc\/administracion-finanzas\/finanzas-ch\/ch-formatos\/","title":{"rendered":"Capital humano &#8211; Formatos"},"content":{"rendered":"\n<div class=\"wp-block-group alignwide has-background\" style=\"background-color:#ffffff\"><div class=\"wp-block-group__inner-container\"><div class=\"breadcrumbs \" typeof=\"BreadcrumbList\" vocab=\"https:\/\/schema.org\/\"><span property=\"itemListElement\" typeof=\"ListItem\"><a property=\"item\" typeof=\"WebPage\" title=\"Go to Direcci\u00f3n de Administraci\u00f3n y Finanzas.\" href=\"http:\/\/app.rcastellanos.cdmx.gob.mx\/irc\/administracion-finanzas\" class=\"home\" ><span property=\"name\">Inicio<\/span><\/a><meta property=\"position\" content=\"1\"><\/span> &#047; <span property=\"itemListElement\" typeof=\"ListItem\"><a property=\"item\" typeof=\"WebPage\" title=\"Go to Noticias.\" href=\"http:\/\/app.rcastellanos.cdmx.gob.mx\/irc\/administracion-finanzas\/noticias\/\" class=\"post-root post post-post\" aria-current=\"page\"><span property=\"name\">Noticias<\/span><\/a><meta property=\"position\" content=\"2\"><\/span><\/div>\n\n\n<h2>2022<\/h2>\n\n\n\n<h3>Agosto<\/h3>\n\n\n\n<ol><li><strong><a rel=\"noreferrer noopener\" href=\"http:\/\/app.rcastellanos.cdmx.gob.mx\/irc\/administracion-finanzas\/wp-content\/uploads\/sites\/2\/2022\/08\/01_02_03_2022_Manifiestos-OK.pdf\" target=\"_blank\">Manifiesto de otro empleo<\/a><\/strong><\/li><li><strong><a rel=\"noreferrer noopener\" href=\"http:\/\/app.rcastellanos.cdmx.gob.mx\/irc\/administracion-finanzas\/wp-content\/uploads\/sites\/2\/2022\/08\/02-MANIFIESTO-DE-NO-JUBILACION.pdf\" target=\"_blank\">Manifiesto de no jubilaci\u00f3n<\/a><\/strong><\/li><li><strong><a rel=\"noreferrer noopener\" href=\"http:\/\/app.rcastellanos.cdmx.gob.mx\/irc\/administracion-finanzas\/wp-content\/uploads\/sites\/2\/2022\/08\/03_2022_Manifiesto_subsidio-ISR-OK.pdf\" target=\"_blank\">Declaratoria sobre la aplicaci\u00f3n del subsidio para el empleo para el ejercicio 2022<\/a><\/strong><\/li><li><strong><a rel=\"noreferrer noopener\" href=\"http:\/\/app.rcastellanos.cdmx.gob.mx\/irc\/administracion-finanzas\/wp-content\/uploads\/sites\/2\/2022\/08\/04_2022_Manifiesto_BUSQUEDA-SCGCDMX-OK.pdf\" target=\"_blank\">Manifiesto de aceptaci\u00f3n para la b\u00fasqueda de no inhabilitaci\u00f3n &#8211; Secretar\u00eda de la Contralor\u00eda General de la Ciudad de M\u00e9xico<\/a><\/strong><\/li><li><a href=\"http:\/\/app.rcastellanos.cdmx.gob.mx\/irc\/administracion-finanzas\/wp-content\/uploads\/sites\/2\/2022\/08\/05_2022_Manifiesto_BUSQUEDA-SFP.-OK.pdf\" target=\"_blank\" rel=\"noreferrer noopener\"><strong>Manifiesto de aceptaci\u00f3n para la b\u00fasqueda de no inhabilitaci\u00f3n &#8211; Secretar\u00eda de la Funci\u00f3n P\u00fablica<\/strong><\/a><\/li><li><strong><a rel=\"noreferrer noopener\" href=\"http:\/\/app.rcastellanos.cdmx.gob.mx\/irc\/administracion-finanzas\/wp-content\/uploads\/sites\/2\/2022\/08\/06_2022_Consentimiento-para-ser-asegurado-OK.pdf\" target=\"_blank\">Consentimiento provisional para ser asegurado y designaci\u00f3n de beneficiario<\/a><\/strong><\/li><li><strong><a rel=\"noreferrer noopener\" href=\"http:\/\/app.rcastellanos.cdmx.gob.mx\/irc\/administracion-finanzas\/wp-content\/uploads\/sites\/2\/2022\/08\/07_2022_Carta-Confidencialidad-empleado-OK.pdf\" target=\"_blank\">Carta de confidencialidad<\/a><\/strong><\/li><li><strong><a rel=\"noreferrer noopener\" href=\"http:\/\/app.rcastellanos.cdmx.gob.mx\/irc\/administracion-finanzas\/wp-content\/uploads\/sites\/2\/2022\/08\/08_2020_CartaObligacionServPublicos_MM-OK.pdf\" target=\"_blank\">Carta de obligaciones de los servidores p\u00fablicos<\/a><\/strong><\/li><li><strong><a rel=\"noreferrer noopener\" href=\"http:\/\/app.rcastellanos.cdmx.gob.mx\/irc\/administracion-finanzas\/wp-content\/uploads\/sites\/2\/2022\/08\/09_2022_Regimen-Registrado-Issste-OK.pdf\" target=\"_blank\">R\u00e9gimen de pensiones registrado ante el ISSSTE<\/a><\/strong><\/li><li><strong><a rel=\"noreferrer noopener\" href=\"http:\/\/app.rcastellanos.cdmx.gob.mx\/irc\/administracion-finanzas\/wp-content\/uploads\/sites\/2\/2022\/08\/10_2022_Solicitiud-Empleo.pdf\" target=\"_blank\">Solicitud de empleo<\/a><\/strong><\/li><\/ol>\n<\/div><\/div>\n","protected":false},"excerpt":{"rendered":"","protected":false},"author":1,"featured_media":0,"parent":542,"menu_order":0,"comment_status":"closed","ping_status":"closed","template":"templates\/template-full-width.php","meta":[],"_links":{"self":[{"href":"http:\/\/app.rcastellanos.cdmx.gob.mx\/irc\/administracion-finanzas\/wp-json\/wp\/v2\/pages\/880"}],"collection":[{"href":"http:\/\/app.rcastellanos.cdmx.gob.mx\/irc\/administracion-finanzas\/wp-json\/wp\/v2\/pages"}],"about":[{"href":"http:\/\/app.rcastellanos.cdmx.gob.mx\/irc\/administracion-finanzas\/wp-json\/wp\/v2\/types\/page"}],"author":[{"embeddable":true,"href":"http:\/\/app.rcastellanos.cdmx.gob.mx\/irc\/administracion-finanzas\/wp-json\/wp\/v2\/users\/1"}],"replies":[{"embeddable":true,"href":"http:\/\/app.rcastellanos.cdmx.gob.mx\/irc\/administracion-finanzas\/wp-json\/wp\/v2\/comments?post=880"}],"version-history":[{"count":5,"href":"http:\/\/app.rcastellanos.cdmx.gob.mx\/irc\/administracion-finanzas\/wp-json\/wp\/v2\/pages\/880\/revisions"}],"predecessor-version":[{"id":890,"href":"http:\/\/app.rcastellanos.cdmx.gob.mx\/irc\/administracion-finanzas\/wp-json\/wp\/v2\/pages\/880\/revisions\/890"}],"up":[{"embeddable":true,"href":"http:\/\/app.rcastellanos.cdmx.gob.mx\/irc\/administracion-finanzas\/wp-json\/wp\/v2\/pages\/542"}],"wp:attachment":[{"href":"http:\/\/app.rcastellanos.cdmx.gob.mx\/irc\/administracion-finanzas\/wp-json\/wp\/v2\/media?parent=880"}],"curies":[{"name":"wp","href":"https:\/\/api.w.org\/{rel}","templated":true}]}}