{"id":1111,"date":"2021-11-16T21:55:23","date_gmt":"2021-11-16T21:55:23","guid":{"rendered":"http:\/\/app.rcastellanos.cdmx.gob.mx\/irc\/investigacion-posgrado\/?page_id=1111"},"modified":"2021-11-17T20:01:06","modified_gmt":"2021-11-17T20:01:06","slug":"e-epei","status":"publish","type":"page","link":"http:\/\/app.rcastellanos.cdmx.gob.mx\/irc\/investigacion-posgrado\/oferta-academica\/especialidades\/e-epei\/","title":{"rendered":"Especialidad en Estrategias Pedag\u00f3gicas para la Educaci\u00f3n Intercultural"},"content":{"rendered":"\n<div class=\"wp-block-group alignwide posgrados has-background\" style=\"background-color:#ffffff\"><div class=\"wp-block-group__inner-container\"><div class=\"breadcrumbs \" typeof=\"BreadcrumbList\" vocab=\"https:\/\/schema.org\/\"><span property=\"itemListElement\" typeof=\"ListItem\"><a property=\"item\" typeof=\"WebPage\" title=\"Go to Direcci\u00f3n de Investigaci\u00f3n y Posgrado.\" href=\"http:\/\/app.rcastellanos.cdmx.gob.mx\/irc\/investigacion-posgrado\" class=\"home\" ><span property=\"name\">Inicio<\/span><\/a><meta property=\"position\" content=\"1\"><\/span> &#047; <span property=\"itemListElement\" typeof=\"ListItem\"><a property=\"item\" typeof=\"WebPage\" title=\"Go to Comunicaci\u00f3n.\" href=\"http:\/\/app.rcastellanos.cdmx.gob.mx\/irc\/investigacion-posgrado\/comunicacion\/\" class=\"post post-page\" ><span property=\"name\">Comunicaci\u00f3n<\/span><\/a><meta property=\"position\" content=\"2\"><\/span> &#047; <span property=\"itemListElement\" typeof=\"ListItem\"><a property=\"item\" typeof=\"WebPage\" title=\"Go to Entradas.\" href=\"http:\/\/app.rcastellanos.cdmx.gob.mx\/irc\/investigacion-posgrado\/comunicacion\/publicaciones\/\" class=\"post-root post post-post\" aria-current=\"page\"><span property=\"name\">Entradas<\/span><\/a><meta property=\"position\" content=\"3\"><\/span><\/div>\n\n\n<!-- *****  Especialidad en Estrategias Pedag\u00f3gicas para la Educaci\u00f3n Intercultural ***** -->\n  <div>\n    <p class=\"text-center\"><strong>N\u00famero de registro ante la Direcci\u00f3n General de Profesiones 292714<\/strong><\/p>\n    <div class=\"container-fluid acordeon-contenido\">\n      <div id=\"accordion\">\n        <div class=\"card\">\n          <div class=\"card-header\" id=\"heading1\">\n            <h2>\n              <button class=\"card-link\" data-toggle=\"collapse\" data-target=\"#collapse1\" aria-expanded=\"true\" aria-controls=\"collapse1\">\n                Competencia\n              <\/button>\n            <\/h2>\n          <\/div>\n          <div id=\"collapse1\" class=\"collapse show\" aria-labelledby=\"heading1\" data-parent=\"#accordion\">\n            <div class=\"card-body\">\n              <figure>\n                  <img class=\"img-fluid mx-auto\" alt=\"\" src=\"http:\/\/app.rcastellanos.cdmx.gob.mx\/irc\/investigacion-posgrado\/wp-content\/uploads\/sites\/6\/2021\/07\/objetivo.png\">\n              <\/figure>\n              <p>Genera estrategias pedag\u00f3gicas que posibiliten desarrollar conocimientos y habilidades integrales desde el di\u00e1logo, respeto, intercambio y enriquecimiento bajo distintos saberes; fomentando el aprendizaje colectivo con actores sociales y pedag\u00f3gicos, bajo una perspectiva intercultural para fortalecer la identidad ling\u00fc\u00edstica, territorial y cultural, promoviendo equidad, igualdad y respeto a la autonom\u00eda entre las diversos pueblos y comunidades del pa\u00eds.<\/p>\n            <\/div>\n          <\/div>\n        <\/div>\n        <div class=\"card\">\n          <div class=\"card-header\" id=\"heading2\">\n            <h2>\n              <button class=\"card-link\" data-toggle=\"collapse\" data-target=\"#collapse2\" aria-expanded=\"true\" aria-controls=\"collapse2\">\n                \u00bfA qui\u00e9n est\u00e1 dirigida?\n              <\/button>\n            <\/h2>\n          <\/div>\n          <div id=\"collapse2\" class=\"collapse\" aria-labelledby=\"heading2\" data-parent=\"#accordion\">\n            <div class=\"card-body\">\n              <figure>\n                  <img class=\"img-fluid mx-auto\" alt=\"\" src=\"http:\/\/app.rcastellanos.cdmx.gob.mx\/irc\/investigacion-posgrado\/wp-content\/uploads\/sites\/6\/2021\/07\/ingreso2.png\">\n              <\/figure>\n              <p>A profesionales con conocimiento o praxis en alguna disciplina af\u00edn a la Educaci\u00f3n y\/o Estudios de Interculturalidad; con apertura al cambio; con disposici\u00f3n para aprender; cr\u00edticos y creativos; capaces de expresar y comunicar de forma oral y escrita sus ideas; con habilidad para identificar problemas relacionados con el \u00e1mbito educativo a trav\u00e9s de trabajo en equipos trans, inter y multidisciplinarios.<\/p>\n            <\/div>\n          <\/div>\n        <\/div>\n        <div class=\"card\">\n          <div class=\"card-header\" id=\"heading4\">\n            <h2>\n              <button class=\"card-link collapsed\" data-toggle=\"collapse\" data-target=\"#collapse4\" aria-expanded=\"false\" aria-controls=\"collapse4\">\n                L\u00edneas de investigaci\u00f3n\n              <\/button>\n            <\/h2>\n          <\/div>\n          <div id=\"collapse4\" class=\"collapse\" aria-labelledby=\"heading4\" data-parent=\"#accordion\">\n            <div class=\"card-body\">\n              <figure>\n                  <img class=\"img-fluid mx-auto\" alt=\"\" src=\"http:\/\/app.rcastellanos.cdmx.gob.mx\/irc\/investigacion-posgrado\/wp-content\/uploads\/sites\/6\/2021\/07\/linea_investigacion.png\">\n              <\/figure>\n              <ol class=\"lista-letras\">\n                <li>Pr\u00e1cticas docentes y desarrollo de propuestas pedag\u00f3gicas para la atenci\u00f3n a la diversidad cultural.<\/li>\n                <li>Metodolog\u00edas inductivas interculturales para una pedagog\u00eda decolonial.<\/li>\n                <li>Identidad cultural y educaci\u00f3n intercultural biling\u00fce en zonas urbanas.<\/li>\n                <li>Epistemolog\u00edas, lenguas ind\u00edgenas y crisis ecol\u00f3gica.<\/li>\n                <li>Educaci\u00f3n intercultural biling\u00fce y ecolog\u00eda de saberes.<\/li>\n              <\/ol>\n            <\/div>\n          <\/div>\n        <\/div>\n        <div class=\"card\">\n          <div class=\"card-header\" id=\"heading5\">\n            <h2>\n              <button class=\"card-link collapsed\" data-toggle=\"collapse\" data-target=\"#collapse5\" aria-expanded=\"false\" aria-controls=\"collapse5\">\n                Campo de trabajo\n              <\/button>\n            <\/h2>\n          <\/div>\n          <div id=\"collapse5\" class=\"collapse\" aria-labelledby=\"heading5\" data-parent=\"#accordion\">\n            <div class=\"card-body\">\n              <figure>\n                <img class=\"img-fluid mx-auto\" alt=\"\" src=\"http:\/\/app.rcastellanos.cdmx.gob.mx\/irc\/investigacion-posgrado\/wp-content\/uploads\/sites\/6\/2021\/11\/campo_de_trabajo.png\">\n            <\/figure>\n              <ul>\n                <li>Instituciones educativas de cualquier nivel, modalidad, p\u00fablicas y privadas.<\/li>\n                <li>Entidades gubernamentales relacionadas con procesos educativos y de capacitaci\u00f3n.<\/li>\n                <li>Organizaciones civiles y no gubernamentales que requieran y apliquen procesos educativos.<\/li>\n                <li>Centros de capacitaci\u00f3n p\u00fablicos y privados.<\/li>\n                <li>Comunidades ind\u00edgenas.<\/li>\n                <li>Organismos de cooperaci\u00f3n internacional.<\/li>\n              <\/ul>\n            <\/div>\n          <\/div>\n        <\/div>\n        <div class=\"card\">\n          <div class=\"card-header\" id=\"heading6\">\n            <h2>\n              <button class=\"card-link collapsed\" data-toggle=\"collapse\" data-target=\"#collapse6\" aria-expanded=\"false\" aria-controls=\"collapse5\">\n                Duraci\u00f3n\n              <\/button>\n            <\/h2>\n          <\/div>\n          <div id=\"collapse6\" class=\"collapse\" aria-labelledby=\"heading5\" data-parent=\"#accordion\">\n            <div class=\"card-body\">\n              <p>Dos semestres.<\/p>\n              <p>En modalidad a distancia bajo un modelo h\u00edbrido y dual.<\/p>\n              <p><strong>Programa profesionalizante con opci\u00f3n de continuar estudios de maestr\u00eda y doctorado.<\/strong><\/p>\n            <\/div>\n          <\/div>\n        <\/div>\n        <div class=\"card\">\n          <div class=\"card-header\" id=\"heading7\">\n            <h2>\n              <button class=\"card-link collapsed\" data-toggle=\"collapse\" data-target=\"#collapse7\" aria-expanded=\"false\" aria-controls=\"collapse6\">\n                Estructura curricular\n              <\/button>\n            <\/h2>\n          <\/div>\n          <div id=\"collapse7\" class=\"collapse\" aria-labelledby=\"heading6\" data-parent=\"#accordion\">\n            <div class=\"card-body esquema especialidad-epei\">\n              <figure class=\"aligncenter size-large\">\n                  <img alt=\"\" src=\"http:\/\/app.rcastellanos.cdmx.gob.mx\/irc\/investigacion-posgrado\/wp-content\/uploads\/sites\/6\/2021\/11\/esquema_e_epei_.png\">\n              <\/figure>\n\n              <div class=\"container-fluid\">\n                <h3>Nodos de Formaci\u00f3n Curricular<\/h3>\n                <div class=\"row\">\n                  <div class=\"col-12 col-sm-12 col-lg-4\">\n                    <div>\n                      <p><strong>B\u00c1SICA<\/strong><\/p>\n                      <p class=\"p-3\">Los pueblos, la ciudad y su relaci\u00f3n con la educaci\u00f3n.<\/p>\n                    <\/div>\n                  <\/div>\n                  <div class=\"col-12 col-sm-12 col-lg-4\">\n                    <div>\n                      <p><strong>DISCIPLINAR<\/strong><\/p>\n                      <div>\n                        <ul>\n                          <li>Pol\u00edticas educativas, curr\u00edculo y saberes locales en el espacio educativo.<\/li>\n                          <li>Unidades curriculares de aprendizaje para diferentes niveles educativos desde una perspectiva intercultural.<\/li>\n                        <\/ul>\n                      <\/div>\n                    <\/div>\n                  <\/div>\n                  <div class=\"col-12 col-sm-12 col-lg-4\">\n                    <div>\n                      <p><strong>PROFUNDIZACI\u00d3N<\/strong><\/p>\n                      <div>\n                        <ul>\n                          <li>Programa complementario dirigido a la poblaci\u00f3n diversa en situaci\u00f3n de vulnerabilidad.<\/li>\n                          <li>Estrategias pedag\u00f3gicas interculturales.<\/li>\n                        <\/ul>\n                      <\/div>\n                    <\/div>\n                  <\/div>\n                <\/div>\n              <\/div>\n\n            <\/div>\n          <\/div>\n        <\/div>\n      <\/div>\n    <\/div>\n  <\/div>\n\n\n\n<div class=\"wp-block-buttons is-content-justification-center\">\n<div class=\"wp-block-button is-style-fill\"><a class=\"wp-block-button__link\" href=\"http:\/\/app.rcastellanos.cdmx.gob.mx\/irc\/investigacion-posgrado\/wp-content\/uploads\/sites\/6\/2021\/11\/estructura_curricular_E_epei_c.pdf\" target=\"_blank\" rel=\"noreferrer noopener\">Estructura curricular<\/a><\/div>\n\n\n\n<div class=\"wp-block-button is-style-fill\"><a class=\"wp-block-button__link\" href=\"http:\/\/app.rcastellanos.cdmx.gob.mx\/irc\/investigacion-posgrado\/wp-content\/uploads\/sites\/6\/2021\/11\/e_epei.pdf\" target=\"_blank\" rel=\"noreferrer noopener\">Infograf\u00eda<\/a><\/div>\n<\/div>\n<\/div><\/div>\n","protected":false},"excerpt":{"rendered":"","protected":false},"author":1,"featured_media":0,"parent":1109,"menu_order":0,"comment_status":"closed","ping_status":"closed","template":"templates\/template-full-width.php","meta":[],"_links":{"self":[{"href":"http:\/\/app.rcastellanos.cdmx.gob.mx\/irc\/investigacion-posgrado\/wp-json\/wp\/v2\/pages\/1111"}],"collection":[{"href":"http:\/\/app.rcastellanos.cdmx.gob.mx\/irc\/investigacion-posgrado\/wp-json\/wp\/v2\/pages"}],"about":[{"href":"http:\/\/app.rcastellanos.cdmx.gob.mx\/irc\/investigacion-posgrado\/wp-json\/wp\/v2\/types\/page"}],"author":[{"embeddable":true,"href":"http:\/\/app.rcastellanos.cdmx.gob.mx\/irc\/investigacion-posgrado\/wp-json\/wp\/v2\/users\/1"}],"replies":[{"embeddable":true,"href":"http:\/\/app.rcastellanos.cdmx.gob.mx\/irc\/investigacion-posgrado\/wp-json\/wp\/v2\/comments?post=1111"}],"version-history":[{"count":22,"href":"http:\/\/app.rcastellanos.cdmx.gob.mx\/irc\/investigacion-posgrado\/wp-json\/wp\/v2\/pages\/1111\/revisions"}],"predecessor-version":[{"id":1201,"href":"http:\/\/app.rcastellanos.cdmx.gob.mx\/irc\/investigacion-posgrado\/wp-json\/wp\/v2\/pages\/1111\/revisions\/1201"}],"up":[{"embeddable":true,"href":"http:\/\/app.rcastellanos.cdmx.gob.mx\/irc\/investigacion-posgrado\/wp-json\/wp\/v2\/pages\/1109"}],"wp:attachment":[{"href":"http:\/\/app.rcastellanos.cdmx.gob.mx\/irc\/investigacion-posgrado\/wp-json\/wp\/v2\/media?parent=1111"}],"curies":[{"name":"wp","href":"https:\/\/api.w.org\/{rel}","templated":true}]}}