{"id":114,"date":"2021-07-27T21:55:36","date_gmt":"2021-07-27T21:55:36","guid":{"rendered":"http:\/\/app.rcastellanos.cdmx.gob.mx\/irc\/investigacion-posgrado\/?page_id=114"},"modified":"2021-09-07T23:18:38","modified_gmt":"2021-09-07T23:18:38","slug":"quienes-somos","status":"publish","type":"page","link":"http:\/\/app.rcastellanos.cdmx.gob.mx\/irc\/investigacion-posgrado\/quienes-somos\/","title":{"rendered":"Qui\u00e9nes somos"},"content":{"rendered":"\n<div class=\"wp-block-group alignwide quienes-somos has-background\" style=\"background-color:#ffffff\"><div class=\"wp-block-group__inner-container\"><div class=\"breadcrumbs \" typeof=\"BreadcrumbList\" vocab=\"https:\/\/schema.org\/\"><span property=\"itemListElement\" typeof=\"ListItem\"><a property=\"item\" typeof=\"WebPage\" title=\"Go to Direcci\u00f3n de Investigaci\u00f3n y Posgrado.\" href=\"http:\/\/app.rcastellanos.cdmx.gob.mx\/irc\/investigacion-posgrado\" class=\"home\" ><span property=\"name\">Inicio<\/span><\/a><meta property=\"position\" content=\"1\"><\/span> &#047; <span property=\"itemListElement\" typeof=\"ListItem\"><a property=\"item\" typeof=\"WebPage\" title=\"Go to Comunicaci\u00f3n.\" href=\"http:\/\/app.rcastellanos.cdmx.gob.mx\/irc\/investigacion-posgrado\/comunicacion\/\" class=\"post post-page\" ><span property=\"name\">Comunicaci\u00f3n<\/span><\/a><meta property=\"position\" content=\"2\"><\/span> &#047; <span property=\"itemListElement\" typeof=\"ListItem\"><a property=\"item\" typeof=\"WebPage\" title=\"Go to Entradas.\" href=\"http:\/\/app.rcastellanos.cdmx.gob.mx\/irc\/investigacion-posgrado\/comunicacion\/publicaciones\/\" class=\"post-root post post-post\" aria-current=\"page\"><span property=\"name\">Entradas<\/span><\/a><meta property=\"position\" content=\"3\"><\/span><\/div>\n\n\n<h2 class=\"has-text-align-center\">Direcci\u00f3n de Investigaci\u00f3n y Posgrado<\/h2>\n\n\n\n<!-- *** quienes somos **** -->\n    <div class=\"container-fluid\">\n        <p>La Direcci\u00f3n de Investigaci\u00f3n y Posgrado fue creada el 1 de octubre de 2019 como parte de la estructura\n          autorizada del Instituto de Estudios Superiores de la Ciudad de M\u00e9xico \u00abRosario Castellanos\u00bb, teniendo como\n          objetivo establecer la oferta educativa de posgrado e investigaci\u00f3n del Instituto, a trav\u00e9s de la instrumentaci\u00f3n\n          de especialidades, maestr\u00edas y doctorados que fortalezcan y fomenten la formaci\u00f3n del capital humano.<\/p>\n        <div class=\"row\">\n          <div class=\"col-12 col-sm-12 col-md-6\">\n            <h3>Misi\u00f3n<\/h3>\n            <p>Desarrollar y promover la generaci\u00f3n y aplicaci\u00f3n del conocimiento vinculando la docencia, la investigaci\u00f3n y\n              los servicios a trav\u00e9s de la formaci\u00f3n de profesionistas e investigadores altamente especializados, sustentada\n              en un modelo educativo dual e h\u00edbrido, el cual permite dar respuesta a los grandes desaf\u00edos de la Ciudad de\n              M\u00e9xico; con valores \u00e9ticos que promuevan la inclusi\u00f3n, equidad, responsabilidad social y la interculturalidad,\n              con propuestas innovadoras y sustentables.<\/p>\n          <\/div>\n          <div class=\"col-12 col-sm-12 col-md-6\">\n            <h3>Visi\u00f3n<\/h3>\n            <p>El IRC debe ser reconocido nacional e internacionalmente por la calidad de sus programas de posgrado, la\n              generaci\u00f3n, aplicaci\u00f3n y divulgaci\u00f3n del conocimiento, con un modelo educativo consolidado, redes e\n              intercambios que permiten la movilidad de estudiantes y docentes, y con una vinculaci\u00f3n de referencia que\n              genera soluciones a los grandes desaf\u00edos de la sociedad.<\/p>\n          <\/div>\n        <\/div>\n    <\/div>\n\n    <!--- ****  valores ****  -->\n    <div class=\"container-fluid p-2 text-center rounded valores\">\n        <h3>Valores<\/h3>\n        <ul style=\"list-style: none;\" class=\"pl-0 row text-center justify-content-center\">\n          <li class=\"col-12 col-sm-6 col-md-4 mb-5 mb-sm-3 ml-0\">\n            <img class=\"d-block mx-auto\" src=\"http:\/\/app.rcastellanos.cdmx.gob.mx\/irc\/investigacion-posgrado\/wp-content\/uploads\/sites\/6\/2021\/07\/igualdad.png\" alt=\"\">Igualdad\n          <\/li>\n          <li class=\"col-12 col-sm-6 col-md-4 mb-5 mb-sm-3 ml-0\">\n            <img class=\"d-block mx-auto\" src=\"http:\/\/app.rcastellanos.cdmx.gob.mx\/irc\/investigacion-posgrado\/wp-content\/uploads\/sites\/6\/2021\/07\/respeto.png\" alt=\"\">Respeto y tolerancia\n          <\/li>\n          <li class=\"col-12 col-sm-6 col-md-4 mb-5 mb-sm-3 ml-0\">\n            <img class=\"d-block mx-auto\" src=\"http:\/\/app.rcastellanos.cdmx.gob.mx\/irc\/investigacion-posgrado\/wp-content\/uploads\/sites\/6\/2021\/07\/honestidad_integridad.png\" alt=\"\">Honestidad e integridad\n          <\/li>\n          <li class=\"col-12 col-sm-6 col-md-4 mb-5 mb-sm-3 ml-0\">\n            <img class=\"d-block mx-auto\" src=\"http:\/\/app.rcastellanos.cdmx.gob.mx\/irc\/investigacion-posgrado\/wp-content\/uploads\/sites\/6\/2021\/07\/libertad_de_catedra.png\" alt=\"\">Libertad de c\u00e1tedra y de investigaci\u00f3n\n          <\/li>\n          <li class=\"col-12 col-sm-6 col-md-4 mb-5 mb-sm-3 ml-0\">\n            <img class=\"d-block mx-auto\" src=\"http:\/\/app.rcastellanos.cdmx.gob.mx\/irc\/investigacion-posgrado\/wp-content\/uploads\/sites\/6\/2021\/07\/justicia.png\" alt=\"\">Justicia\n          <\/li>\n          <li class=\"col-12 col-sm-6 col-md-4 mb-5 mb-sm-3 ml-0\">\n            <img class=\"d-block mx-auto\" src=\"http:\/\/app.rcastellanos.cdmx.gob.mx\/irc\/investigacion-posgrado\/wp-content\/uploads\/sites\/6\/2021\/07\/transparencia_1.png\" alt=\"\">Transparencia\n          <\/li>\n          <li class=\"col-12 col-sm-6 col-md-4 mb-5 mb-sm-3 ml-0\">\n            <img class=\"d-block mx-auto\" src=\"http:\/\/app.rcastellanos.cdmx.gob.mx\/irc\/investigacion-posgrado\/wp-content\/uploads\/sites\/6\/2021\/07\/responsabilidad_1.png\" alt=\"\">Responsabilidad\n          <\/li>\n        <\/ul>\n    <\/div>\n\n\n\n<!-- paginador -->\n  <nav aria-label=\"Page navigation\" class=\"paginador\">\n    <ul class=\"pagination justify-content-center text-center flex-column flex-sm-row\">\n      <li class=\"page-item disabled\">\n        <a class=\"page-link\" href=\"#\" tabindex=\"-1\" aria-disabled=\"true\"><span class=\"d-sm-none\">&#60;<\/span> Anterior<\/a>\n      <\/li>\n      <li class=\"page-item active display\">1<\/li>\n      <li class=\"page-item display\"><a class=\"page-link\"\n          href=\"http:\/\/app.rcastellanos.cdmx.gob.mx\/irc\/investigacion-posgrado\/quienes-somos\/reglamento\/\">2<\/a><\/li>\n      <li class=\"page-item\">\n        <a class=\"page-link\"\n          href=\"http:\/\/app.rcastellanos.cdmx.gob.mx\/irc\/investigacion-posgrado\/quienes-somos\/reglamento\/\">Siguiente <span class=\"d-sm-none\">&#62;<\/span><\/a>\n      <\/li>\n    <\/ul>\n  <\/nav>\n<\/div><\/div>\n","protected":false},"excerpt":{"rendered":"","protected":false},"author":1,"featured_media":0,"parent":0,"menu_order":0,"comment_status":"closed","ping_status":"closed","template":"templates\/template-full-width.php","meta":[],"_links":{"self":[{"href":"http:\/\/app.rcastellanos.cdmx.gob.mx\/irc\/investigacion-posgrado\/wp-json\/wp\/v2\/pages\/114"}],"collection":[{"href":"http:\/\/app.rcastellanos.cdmx.gob.mx\/irc\/investigacion-posgrado\/wp-json\/wp\/v2\/pages"}],"about":[{"href":"http:\/\/app.rcastellanos.cdmx.gob.mx\/irc\/investigacion-posgrado\/wp-json\/wp\/v2\/types\/page"}],"author":[{"embeddable":true,"href":"http:\/\/app.rcastellanos.cdmx.gob.mx\/irc\/investigacion-posgrado\/wp-json\/wp\/v2\/users\/1"}],"replies":[{"embeddable":true,"href":"http:\/\/app.rcastellanos.cdmx.gob.mx\/irc\/investigacion-posgrado\/wp-json\/wp\/v2\/comments?post=114"}],"version-history":[{"count":5,"href":"http:\/\/app.rcastellanos.cdmx.gob.mx\/irc\/investigacion-posgrado\/wp-json\/wp\/v2\/pages\/114\/revisions"}],"predecessor-version":[{"id":195,"href":"http:\/\/app.rcastellanos.cdmx.gob.mx\/irc\/investigacion-posgrado\/wp-json\/wp\/v2\/pages\/114\/revisions\/195"}],"wp:attachment":[{"href":"http:\/\/app.rcastellanos.cdmx.gob.mx\/irc\/investigacion-posgrado\/wp-json\/wp\/v2\/media?parent=114"}],"curies":[{"name":"wp","href":"https:\/\/api.w.org\/{rel}","templated":true}]}}