{"id":1280,"date":"2022-04-20T23:47:59","date_gmt":"2022-04-20T23:47:59","guid":{"rendered":"http:\/\/app.rcastellanos.cdmx.gob.mx\/irc\/investigacion-posgrado\/?page_id=1280"},"modified":"2022-06-27T02:09:07","modified_gmt":"2022-06-27T02:09:07","slug":"maestria-tmh","status":"publish","type":"page","link":"http:\/\/app.rcastellanos.cdmx.gob.mx\/irc\/investigacion-posgrado\/convocatorias\/maestria-tmh\/","title":{"rendered":"Maestr\u00eda en Territorio y Memoria Hist\u00f3rica"},"content":{"rendered":"\n<div class=\"wp-block-group alignwide has-background\" style=\"background-color:#ffffff\"><div class=\"wp-block-group__inner-container\"><div class=\"breadcrumbs \" typeof=\"BreadcrumbList\" vocab=\"https:\/\/schema.org\/\"><span property=\"itemListElement\" typeof=\"ListItem\"><a property=\"item\" typeof=\"WebPage\" title=\"Go to Direcci\u00f3n de Investigaci\u00f3n y Posgrado.\" href=\"http:\/\/app.rcastellanos.cdmx.gob.mx\/irc\/investigacion-posgrado\" class=\"home\" ><span property=\"name\">Inicio<\/span><\/a><meta property=\"position\" content=\"1\"><\/span> &#047; <span property=\"itemListElement\" typeof=\"ListItem\"><a property=\"item\" typeof=\"WebPage\" title=\"Go to Comunicaci\u00f3n.\" href=\"http:\/\/app.rcastellanos.cdmx.gob.mx\/irc\/investigacion-posgrado\/comunicacion\/\" class=\"post post-page\" ><span property=\"name\">Comunicaci\u00f3n<\/span><\/a><meta property=\"position\" content=\"2\"><\/span> &#047; <span property=\"itemListElement\" typeof=\"ListItem\"><a property=\"item\" typeof=\"WebPage\" title=\"Go to Entradas.\" href=\"http:\/\/app.rcastellanos.cdmx.gob.mx\/irc\/investigacion-posgrado\/comunicacion\/publicaciones\/\" class=\"post-root post post-post\" aria-current=\"page\"><span property=\"name\">Entradas<\/span><\/a><meta property=\"position\" content=\"3\"><\/span><\/div>\n\n\n<h2>Requisitos<\/h2>\n\n\n\n<!-- requisitos - Maestr\u00eda en Territorio y Memoria Hist\u00f3rica -->\n  <div>\n    <p>Para realizar el registro, deber\u00e1 cumplir con los requisitos siguientes:<\/p>\n    <p>Adjuntar por separado todos los documentos que a continuaci\u00f3n se enlistan, los originales deben ser escaneados por ambos lados con una resoluci\u00f3n m\u00e1xima de 2 MB cada uno y se deber\u00e1n enviar en formato PDF.  Cartas, CV y anteproyecto deber\u00e1n ir firmados.<\/p>\n\n    <ol class=\"lista-letras\">\n      <li>Acta de nacimiento.<\/li>\n      <li>Identificaci\u00f3n oficial (Credencial de Elector o Pasaporte, NO se aceptan licencias de conducir).<\/li>\n      <li>Clave \u00danica de Registro de Poblaci\u00f3n CURP (formato actual y vigente).<\/li>\n      <li>Comprobante de domicilio de la Ciudad de M\u00e9xico con antig\u00fcedad no mayor a tres meses (agua, predial, luz, tel\u00e9fono fijo -no se aceptan comprobantes bancarios, ni comprobantes de telefon\u00eda m\u00f3vil).<\/li>\n      <li>T\u00edtulo de licenciatura original o copia certificada (en su caso, constancia de que se encuentra en tr\u00e1mite).\n\n        <ol class=\"lista-romana my-5\">\n          <li>Los aspirantes que hayan realizado sus estudios en territorio nacional y fuera de la Ciudad de M\u00e9xico, adem\u00e1s de satisfacer los requisitos establecidos en este punto, deber\u00e1n cumplir con las disposiciones sobre revalidaci\u00f3n, convalidaci\u00f3n, equivalencia y reconocimiento de estudios ante la Direcci\u00f3n de Investigaci\u00f3n y Posgrado del IRC. Para el caso de estudios realizados en el extranjero, deber\u00e1n tramitar de forma previa, la autentificaci\u00f3n o apostilla referida en la Convenci\u00f3n de la Haya y en su caso la traducci\u00f3n simple correspondiente.<\/li>\n          <li>Para el caso de estudios realizados en el Sistema Educativo Nacional y de no contar a\u00fan con el t\u00edtulo de licenciatura, deber\u00e1 presentar la constancia del tr\u00e1mite de titulaci\u00f3n que corresponda, debiendo manifestar por escrito, bajo protesta de decir verdad, las razones por las cuales no cuenta con el t\u00edtulo y comprometerse a presentarlo a m\u00e1s tardar a la conclusi\u00f3n del primer semestre. De no cumplir con la entrega en los t\u00e9rminos de lo solicitado, el estudiante causar\u00e1 baja definitiva.<\/li>\n        <\/ol>\n\n      <\/li>\n\n      <li>Constancia oficial de calificaciones de nivel licenciatura con promedio m\u00ednimo de siete (7.0).<\/li>\n      <li>Comprobante vigente de comprensi\u00f3n lectora del idioma ingl\u00e9s (UNAM, IPN, TOEFL-IBT 20, IELTS 6.0 o de cualquier otra instituci\u00f3n certificada). o carta expedida por autoridad de la comunidad de origen en donde manifieste que habla una lengua ind\u00edgena. Debido a la contingencia provocada por el SARS-CoV-2, En caso de ser seleccionado y cumplir con los requisitos de inscripci\u00f3n, el estudiante podr\u00e1 entregar el comprobante vigente al finalizar el primer semestre.<\/li>\n      <li>Curr\u00edculum Vitae que refleje el conocimiento o experiencia en \u00e1reas afines a las ciencias sociales con experiencia en los derechos humanos y\/o derechos ind\u00edgenas, extensi\u00f3n m\u00e1xima de cinco cuartillas, letra Arial 11, interlineado 1.5.<\/li>\n      <li>Una propuesta de anteproyecto de investigaci\u00f3n con extensi\u00f3n m\u00e1xima de cinco cuartillas en PDF, firmada por el aspirante, que se ajuste a las l\u00edneas de investigaci\u00f3n de la Maestr\u00eda. Asimismo, deber\u00e1 contener los apartados siguientes:\n\n        <ol class=\"lista-romana my-5\">\n          <li>Datos del aspirante.<\/li>\n          <li>T\u00edtulo del anteproyecto.<\/li>\n          <li>Introducci\u00f3n.<\/li>\n          <li>Antecedentes y marco de referencia.<\/li>\n          <li>Planteamiento del problema.<\/li>\n          <li>Objetivos.<\/li>\n          <li>Propuesta metodol\u00f3gica.<\/li>\n          <li>Referencias bajo formato APA 7\u00aa edici\u00f3n.\n            <p class=\"mt-5\">Este anteproyecto ser\u00e1 evaluado tomando en cuenta los criterios siguientes: 1. Relevancia; 2. Pertinencia; 3. Coherencia; 4. Viabilidad t\u00e9cnica; 5. Viabilidad econ\u00f3mica; 6.  Impacto.<\/p>\n            <p>La extensi\u00f3n m\u00e1xima es de 5 cuartillas, con fuente Arial 11, interlineado 1.5.<\/p>\n          <\/li>\n        <\/ol>\n\n      <\/li>\n\n      <li>Carta de autor\u00eda indicando que el anteproyecto de investigaci\u00f3n enviado para evaluaci\u00f3n es in\u00e9dito y original.<\/li>\n      <li>Carta de exposici\u00f3n de motivos en formato libre, que refleje ampliamente su disposici\u00f3n y compromiso para cursar el programa de posgrado, en donde se expongan las razones personales, profesionales y laborales, por las que se interesa en cursar el Programa, m\u00e1ximo 2 cuartillas, fuente Arial 11, interlineado 1.5.<\/li>\n      <li>Carta en formato libre, en la cual manifieste conocer y aceptar los t\u00e9rminos y condiciones de la presente convocatoria.<\/li>\n      <li>Contar al momento del registro con una cuenta de correo electr\u00f3nico vigente, personal e intransferible y de uso exclusivo del interesado.<\/li>\n\n    <\/ol>\n  <\/div>\n\n\n\n<div class=\"wp-block-buttons is-content-justification-center\">\n<div class=\"wp-block-button is-style-fill\"><a class=\"wp-block-button__link\" href=\"http:\/\/app.rcastellanos.cdmx.gob.mx\/irc\/investigacion-posgrado\/wp-content\/uploads\/sites\/6\/2022\/04\/Convocatoria_Posgrado_2022_2.pdf\" target=\"_blank\" rel=\"noreferrer noopener\">Convocatoria<\/a><\/div>\n\n\n\n<div class=\"wp-block-button is-style-fill\"><a class=\"wp-block-button__link\" href=\"https:\/\/edu.rcastellanos.cdmx.gob.mx\/registro_posgrado\/\" target=\"_blank\" rel=\"noreferrer noopener\">Reg\u00edstrate aqu\u00ed<\/a><\/div>\n<\/div>\n<\/div><\/div>\n","protected":false},"excerpt":{"rendered":"","protected":false},"author":1,"featured_media":0,"parent":559,"menu_order":0,"comment_status":"closed","ping_status":"closed","template":"templates\/template-full-width.php","meta":[],"_links":{"self":[{"href":"http:\/\/app.rcastellanos.cdmx.gob.mx\/irc\/investigacion-posgrado\/wp-json\/wp\/v2\/pages\/1280"}],"collection":[{"href":"http:\/\/app.rcastellanos.cdmx.gob.mx\/irc\/investigacion-posgrado\/wp-json\/wp\/v2\/pages"}],"about":[{"href":"http:\/\/app.rcastellanos.cdmx.gob.mx\/irc\/investigacion-posgrado\/wp-json\/wp\/v2\/types\/page"}],"author":[{"embeddable":true,"href":"http:\/\/app.rcastellanos.cdmx.gob.mx\/irc\/investigacion-posgrado\/wp-json\/wp\/v2\/users\/1"}],"replies":[{"embeddable":true,"href":"http:\/\/app.rcastellanos.cdmx.gob.mx\/irc\/investigacion-posgrado\/wp-json\/wp\/v2\/comments?post=1280"}],"version-history":[{"count":4,"href":"http:\/\/app.rcastellanos.cdmx.gob.mx\/irc\/investigacion-posgrado\/wp-json\/wp\/v2\/pages\/1280\/revisions"}],"predecessor-version":[{"id":1316,"href":"http:\/\/app.rcastellanos.cdmx.gob.mx\/irc\/investigacion-posgrado\/wp-json\/wp\/v2\/pages\/1280\/revisions\/1316"}],"up":[{"embeddable":true,"href":"http:\/\/app.rcastellanos.cdmx.gob.mx\/irc\/investigacion-posgrado\/wp-json\/wp\/v2\/pages\/559"}],"wp:attachment":[{"href":"http:\/\/app.rcastellanos.cdmx.gob.mx\/irc\/investigacion-posgrado\/wp-json\/wp\/v2\/media?parent=1280"}],"curies":[{"name":"wp","href":"https:\/\/api.w.org\/{rel}","templated":true}]}}