{"id":217,"date":"2021-07-28T18:44:20","date_gmt":"2021-07-28T18:44:20","guid":{"rendered":"http:\/\/app.rcastellanos.cdmx.gob.mx\/irc\/investigacion-posgrado\/?page_id=217"},"modified":"2022-04-11T21:53:49","modified_gmt":"2022-04-11T21:53:49","slug":"oferta-academica","status":"publish","type":"page","link":"http:\/\/app.rcastellanos.cdmx.gob.mx\/irc\/investigacion-posgrado\/oferta-academica\/","title":{"rendered":"Oferta acad\u00e9mica"},"content":{"rendered":"\n<div class=\"wp-block-group alignwide has-background\" style=\"background-color:#ffffff\"><div class=\"wp-block-group__inner-container\"><div class=\"breadcrumbs \" typeof=\"BreadcrumbList\" vocab=\"https:\/\/schema.org\/\"><span property=\"itemListElement\" typeof=\"ListItem\"><a property=\"item\" typeof=\"WebPage\" title=\"Go to Direcci\u00f3n de Investigaci\u00f3n y Posgrado.\" href=\"http:\/\/app.rcastellanos.cdmx.gob.mx\/irc\/investigacion-posgrado\" class=\"home\" ><span property=\"name\">Inicio<\/span><\/a><meta property=\"position\" content=\"1\"><\/span> &#047; <span property=\"itemListElement\" typeof=\"ListItem\"><a property=\"item\" typeof=\"WebPage\" title=\"Go to Comunicaci\u00f3n.\" href=\"http:\/\/app.rcastellanos.cdmx.gob.mx\/irc\/investigacion-posgrado\/comunicacion\/\" class=\"post post-page\" ><span property=\"name\">Comunicaci\u00f3n<\/span><\/a><meta property=\"position\" content=\"2\"><\/span> &#047; <span property=\"itemListElement\" typeof=\"ListItem\"><a property=\"item\" typeof=\"WebPage\" title=\"Go to Entradas.\" href=\"http:\/\/app.rcastellanos.cdmx.gob.mx\/irc\/investigacion-posgrado\/comunicacion\/publicaciones\/\" class=\"post-root post post-post\" aria-current=\"page\"><span property=\"name\">Entradas<\/span><\/a><meta property=\"position\" content=\"3\"><\/span><\/div>\n\n\n<!--**** oferta acad\u00e9mica **** -->\n  <!-- los c\u00f3digos de cada posgrado est\u00e1n en los HTML de \"doctorados_dip\" y \"maestrias_dip\"-->\n  <div>\n    <h2>Especialidades<\/h2>\n    <ul class=\"lista-link-espacio\">\n      <li><a href=\"\n        http:\/\/app.rcastellanos.cdmx.gob.mx\/irc\/investigacion-posgrado\/oferta-academica\/especialidades\/e-epei\/\">Especialidad en Estrategias Pedag\u00f3gicas para la Educaci\u00f3n Intercultural<\/a><\/li>\n      <li><a href=\"http:\/\/app.rcastellanos.cdmx.gob.mx\/irc\/investigacion-posgrado\/oferta-academica\/especialidades\/e-iids\/\">Especialidad en Intervenci\u00f3n Innovadora del Docente en Situaciones Emergentes<\/a><\/li>\n    <\/ul>\n\n    <hr class=\"wp-block-separator\">\n\n    <h2>Maestr\u00edas<\/h2>\n    <ul class=\"lista-link-espacio\">\n      <li><a href=\"\n          http:\/\/app.rcastellanos.cdmx.gob.mx\/irc\/investigacion-posgrado\/oferta-academica\/maestrias\/m-asgem\/\">Maestr\u00eda en Ambientes, Sistemas y Gesti\u00f3n en Educaci\u00f3n Multimodal<\/a><\/li>\n      <li><a href=\"http:\/\/app.rcastellanos.cdmx.gob.mx\/irc\/investigacion-posgrado\/oferta-academica\/maestrias\/m-ccb\/\">Maestr\u00eda en Cambio Clim\u00e1tico y Biodiversidad<\/a><\/li>\n      <li><a href=\"http:\/\/app.rcastellanos.cdmx.gob.mx\/irc\/investigacion-posgrado\/oferta-academica\/maestrias\/m-di\/\">Maestr\u00eda en Derecho Ind\u00edgena<\/a><\/li>\n      <!--<li><a href=\"http:\/\/app.rcastellanos.cdmx.gob.mx\/irc\/investigacion-posgrado\/oferta-academica\/maestrias\/m-ppi\/\">Maestr\u00eda en Pol\u00edticas P\u00fablicas e Interculturalidad<\/a><\/li>\n      <li><a href=\"http:\/\/app.rcastellanos.cdmx.gob.mx\/irc\/investigacion-posgrado\/oferta-academica\/maestrias\/m-tmh\/\">Maestr\u00eda en Territorio y Memoria Hist\u00f3rica<\/a><\/li>-->\n    <\/ul>\n\n    <hr class=\"wp-block-separator\">\n\n    <h2>Doctorados<\/h2>\n    <ul class=\"lista-link-espacio\">\n      <li><a href=\"http:\/\/app.rcastellanos.cdmx.gob.mx\/irc\/investigacion-posgrado\/oferta-academica\/doctorados\/d-asem\/\">Doctorado\n          en Ambientes y Sistemas Educativos Multimodales<\/a><\/li>\n      <li><a href=\"http:\/\/app.rcastellanos.cdmx.gob.mx\/irc\/investigacion-posgrado\/oferta-academica\/doctorados\/d-cs\/\">Doctorado\n          en Ciencias de la Sustentabilidad<\/a><\/li>\n    <\/ul>\n  <\/div>\n<\/div><\/div>\n","protected":false},"excerpt":{"rendered":"","protected":false},"author":1,"featured_media":0,"parent":0,"menu_order":0,"comment_status":"closed","ping_status":"closed","template":"","meta":[],"_links":{"self":[{"href":"http:\/\/app.rcastellanos.cdmx.gob.mx\/irc\/investigacion-posgrado\/wp-json\/wp\/v2\/pages\/217"}],"collection":[{"href":"http:\/\/app.rcastellanos.cdmx.gob.mx\/irc\/investigacion-posgrado\/wp-json\/wp\/v2\/pages"}],"about":[{"href":"http:\/\/app.rcastellanos.cdmx.gob.mx\/irc\/investigacion-posgrado\/wp-json\/wp\/v2\/types\/page"}],"author":[{"embeddable":true,"href":"http:\/\/app.rcastellanos.cdmx.gob.mx\/irc\/investigacion-posgrado\/wp-json\/wp\/v2\/users\/1"}],"replies":[{"embeddable":true,"href":"http:\/\/app.rcastellanos.cdmx.gob.mx\/irc\/investigacion-posgrado\/wp-json\/wp\/v2\/comments?post=217"}],"version-history":[{"count":14,"href":"http:\/\/app.rcastellanos.cdmx.gob.mx\/irc\/investigacion-posgrado\/wp-json\/wp\/v2\/pages\/217\/revisions"}],"predecessor-version":[{"id":1267,"href":"http:\/\/app.rcastellanos.cdmx.gob.mx\/irc\/investigacion-posgrado\/wp-json\/wp\/v2\/pages\/217\/revisions\/1267"}],"wp:attachment":[{"href":"http:\/\/app.rcastellanos.cdmx.gob.mx\/irc\/investigacion-posgrado\/wp-json\/wp\/v2\/media?parent=217"}],"curies":[{"name":"wp","href":"https:\/\/api.w.org\/{rel}","templated":true}]}}