{"id":226,"date":"2021-07-28T21:20:53","date_gmt":"2021-07-28T21:20:53","guid":{"rendered":"http:\/\/app.rcastellanos.cdmx.gob.mx\/irc\/investigacion-posgrado\/?page_id=226"},"modified":"2022-04-11T21:54:58","modified_gmt":"2022-04-11T21:54:58","slug":"maestrias","status":"publish","type":"page","link":"http:\/\/app.rcastellanos.cdmx.gob.mx\/irc\/investigacion-posgrado\/oferta-academica\/maestrias\/","title":{"rendered":"Maestr\u00edas"},"content":{"rendered":"\n<div class=\"wp-block-group alignwide has-background\" style=\"background-color:#ffffff\"><div class=\"wp-block-group__inner-container\"><div class=\"breadcrumbs \" typeof=\"BreadcrumbList\" vocab=\"https:\/\/schema.org\/\"><span property=\"itemListElement\" typeof=\"ListItem\"><a property=\"item\" typeof=\"WebPage\" title=\"Go to Direcci\u00f3n de Investigaci\u00f3n y Posgrado.\" href=\"http:\/\/app.rcastellanos.cdmx.gob.mx\/irc\/investigacion-posgrado\" class=\"home\" ><span property=\"name\">Inicio<\/span><\/a><meta property=\"position\" content=\"1\"><\/span> &#047; <span property=\"itemListElement\" typeof=\"ListItem\"><a property=\"item\" typeof=\"WebPage\" title=\"Go to Comunicaci\u00f3n.\" href=\"http:\/\/app.rcastellanos.cdmx.gob.mx\/irc\/investigacion-posgrado\/comunicacion\/\" class=\"post post-page\" ><span property=\"name\">Comunicaci\u00f3n<\/span><\/a><meta property=\"position\" content=\"2\"><\/span> &#047; <span property=\"itemListElement\" typeof=\"ListItem\"><a property=\"item\" typeof=\"WebPage\" title=\"Go to Entradas.\" href=\"http:\/\/app.rcastellanos.cdmx.gob.mx\/irc\/investigacion-posgrado\/comunicacion\/publicaciones\/\" class=\"post-root post post-post\" aria-current=\"page\"><span property=\"name\">Entradas<\/span><\/a><meta property=\"position\" content=\"3\"><\/span><\/div>\n\n\n<!--**** Maestr\u00edas **** -->\n  <div class=\"container-fluid\">\n    <div class=\"row\">\n      <div class=\"col-12 col-sm-12 col-md-6 mb-5 mb-lg-0\">\n        <figure>\n          <img class=\"img-fluid mx-auto rounded\" src=\"http:\/\/app.rcastellanos.cdmx.gob.mx\/irc\/investigacion-posgrado\/wp-content\/uploads\/sites\/6\/2021\/07\/maestria_400.jpg\" alt=\"\">\n        <\/figure>\n      <\/div>\n      <div class=\"col-12 col-sm-12 col-md-6\">\n        <ul class=\"lista-link-espacio\">\n          <li><a href=\"\n            http:\/\/app.rcastellanos.cdmx.gob.mx\/irc\/investigacion-posgrado\/oferta-academica\/maestrias\/m-asgem\/\">Maestr\u00eda en Ambientes, Sistemas y Gesti\u00f3n en Educaci\u00f3n Multimodal<\/a><\/li>\n          <li><a href=\"http:\/\/app.rcastellanos.cdmx.gob.mx\/irc\/investigacion-posgrado\/oferta-academica\/maestrias\/m-ccb\/\">Maestr\u00eda en Cambio Clim\u00e1tico y Biodiversidad<\/a><\/li>\n          <li><a href=\"http:\/\/app.rcastellanos.cdmx.gob.mx\/irc\/investigacion-posgrado\/oferta-academica\/maestrias\/m-di\/\">Maestr\u00eda en Derecho Ind\u00edgena<\/a><\/li>\n          <!--<li><a href=\"http:\/\/app.rcastellanos.cdmx.gob.mx\/irc\/investigacion-posgrado\/oferta-academica\/maestrias\/m-ppi\/\">Maestr\u00eda en Pol\u00edticas P\u00fablicas e Interculturalidad<\/a><\/li>\n      <li><a href=\"http:\/\/app.rcastellanos.cdmx.gob.mx\/irc\/investigacion-posgrado\/oferta-academica\/maestrias\/m-tmh\/\">Maestr\u00eda en Territorio y Memoria Hist\u00f3rica<\/a><\/li>-->\n        <\/ul>\n        <div class=\"wp-block-buttons is-content-justification-center\">\n          <div class=\"wp-block-button wp-block-button is-style-outline\">\n            <a href=\"http:\/\/app.rcastellanos.cdmx.gob.mx\/irc\/investigacion-posgrado\/oferta-academica\/\" class=\"wp-block-button__link\">Conocer m\u00e1s posgrados<\/a>\n          <\/div>\n        <\/div>\n      <\/div>\n    <\/div>\n  <\/div>\n<\/div><\/div>\n","protected":false},"excerpt":{"rendered":"","protected":false},"author":1,"featured_media":0,"parent":217,"menu_order":0,"comment_status":"closed","ping_status":"closed","template":"templates\/template-full-width.php","meta":[],"_links":{"self":[{"href":"http:\/\/app.rcastellanos.cdmx.gob.mx\/irc\/investigacion-posgrado\/wp-json\/wp\/v2\/pages\/226"}],"collection":[{"href":"http:\/\/app.rcastellanos.cdmx.gob.mx\/irc\/investigacion-posgrado\/wp-json\/wp\/v2\/pages"}],"about":[{"href":"http:\/\/app.rcastellanos.cdmx.gob.mx\/irc\/investigacion-posgrado\/wp-json\/wp\/v2\/types\/page"}],"author":[{"embeddable":true,"href":"http:\/\/app.rcastellanos.cdmx.gob.mx\/irc\/investigacion-posgrado\/wp-json\/wp\/v2\/users\/1"}],"replies":[{"embeddable":true,"href":"http:\/\/app.rcastellanos.cdmx.gob.mx\/irc\/investigacion-posgrado\/wp-json\/wp\/v2\/comments?post=226"}],"version-history":[{"count":28,"href":"http:\/\/app.rcastellanos.cdmx.gob.mx\/irc\/investigacion-posgrado\/wp-json\/wp\/v2\/pages\/226\/revisions"}],"predecessor-version":[{"id":1268,"href":"http:\/\/app.rcastellanos.cdmx.gob.mx\/irc\/investigacion-posgrado\/wp-json\/wp\/v2\/pages\/226\/revisions\/1268"}],"up":[{"embeddable":true,"href":"http:\/\/app.rcastellanos.cdmx.gob.mx\/irc\/investigacion-posgrado\/wp-json\/wp\/v2\/pages\/217"}],"wp:attachment":[{"href":"http:\/\/app.rcastellanos.cdmx.gob.mx\/irc\/investigacion-posgrado\/wp-json\/wp\/v2\/media?parent=226"}],"curies":[{"name":"wp","href":"https:\/\/api.w.org\/{rel}","templated":true}]}}