{"id":393,"date":"2021-07-29T15:50:13","date_gmt":"2021-07-29T15:50:13","guid":{"rendered":"http:\/\/app.rcastellanos.cdmx.gob.mx\/irc\/investigacion-posgrado\/?page_id=393"},"modified":"2021-09-06T18:49:03","modified_gmt":"2021-09-06T18:49:03","slug":"m-di","status":"publish","type":"page","link":"http:\/\/app.rcastellanos.cdmx.gob.mx\/irc\/investigacion-posgrado\/oferta-academica\/maestrias\/m-di\/","title":{"rendered":"Maestr\u00eda en Derecho Ind\u00edgena"},"content":{"rendered":"\n<div class=\"wp-block-group alignwide posgrados has-background\" style=\"background-color:#ffffff\"><div class=\"wp-block-group__inner-container\"><div class=\"breadcrumbs \" typeof=\"BreadcrumbList\" vocab=\"https:\/\/schema.org\/\"><span property=\"itemListElement\" typeof=\"ListItem\"><a property=\"item\" typeof=\"WebPage\" title=\"Go to Direcci\u00f3n de Investigaci\u00f3n y Posgrado.\" href=\"http:\/\/app.rcastellanos.cdmx.gob.mx\/irc\/investigacion-posgrado\" class=\"home\" ><span property=\"name\">Inicio<\/span><\/a><meta property=\"position\" content=\"1\"><\/span> &#047; <span property=\"itemListElement\" typeof=\"ListItem\"><a property=\"item\" typeof=\"WebPage\" title=\"Go to Comunicaci\u00f3n.\" href=\"http:\/\/app.rcastellanos.cdmx.gob.mx\/irc\/investigacion-posgrado\/comunicacion\/\" class=\"post post-page\" ><span property=\"name\">Comunicaci\u00f3n<\/span><\/a><meta property=\"position\" content=\"2\"><\/span> &#047; <span property=\"itemListElement\" typeof=\"ListItem\"><a property=\"item\" typeof=\"WebPage\" title=\"Go to Entradas.\" href=\"http:\/\/app.rcastellanos.cdmx.gob.mx\/irc\/investigacion-posgrado\/comunicacion\/publicaciones\/\" class=\"post-root post post-post\" aria-current=\"page\"><span property=\"name\">Entradas<\/span><\/a><meta property=\"position\" content=\"3\"><\/span><\/div>\n\n\n<!-- *** Maestr\u00eda en Derecho ind\u00edgena *** -->\n  <div class=\"container-fluid acordeon-contenido\">\n    <div id=\"accordion\">\n      <div class=\"card\">\n        <div class=\"card-header\" id=\"heading1\">\n          <h2>\n            <button class=\"card-link\" data-toggle=\"collapse\" data-target=\"#collapse1\" aria-expanded=\"true\" aria-controls=\"collapse1\">\n              Objetivo\n            <\/button>\n          <\/h2>\n        <\/div>\n        <div id=\"collapse1\" class=\"collapse show\" aria-labelledby=\"heading1\" data-parent=\"#accordion\">\n          <div class=\"card-body\">\n            <figure>\n              <img class=\"img-fluid mx-auto\" alt=\"\" src=\"http:\/\/app.rcastellanos.cdmx.gob.mx\/irc\/investigacion-posgrado\/wp-content\/uploads\/sites\/6\/2021\/07\/objetivo.png\">\n            <\/figure>\n            <p>Formar interdisciplinariamente profesionistas especializados en derecho ind\u00edgena, capaces de estudiar los problemas estructurales y coyunturales del ejercicio de los derechos ind\u00edgenas, la discriminaci\u00f3n y el racismo judicial, empleando herramientas te\u00f3ricas, metodol\u00f3gicas y pr\u00e1cticas para generar propuestas de investigaci\u00f3n y de intervenci\u00f3n en la defensa, promoci\u00f3n y aplicaci\u00f3n de los derechos ind\u00edgenas desde la perspectiva del pluralismo jur\u00eddico, en zonas rurales y urbanas, a nivel local, nacional e internacional.<\/p>\n          <\/div>\n        <\/div>\n      <\/div>\n      <div class=\"card\">\n        <div class=\"card-header\" id=\"heading2\">\n          <h2>\n            <button class=\"card-link\" data-toggle=\"collapse\" data-target=\"#collapse2\" aria-expanded=\"false\" aria-controls=\"collapse2\">\n              Perfil de ingreso\n            <\/button>\n          <\/h2>\n        <\/div>\n        <div id=\"collapse2\" class=\"collapse\" aria-labelledby=\"heading2\" data-parent=\"#accordion\">\n          <div class=\"card-body\">\n            <figure>\n              <img class=\"img-fluid mx-auto\" alt=\"\" src=\"http:\/\/app.rcastellanos.cdmx.gob.mx\/irc\/investigacion-posgrado\/wp-content\/uploads\/sites\/6\/2021\/07\/ingreso2.png\">\n            <\/figure>\n            <ul>\n              <li>Conocimiento en alguna disciplina como la antropolog\u00eda jur\u00eddica, sociolog\u00eda, derecho, ciencias pol\u00edticas, derechos humanos o cualquier disciplina af\u00edn a las ciencias sociales con experiencia en los derechos humanos y\/o derechos ind\u00edgenas.<\/li>\n              <li>Experiencia en la defensa, asesor\u00eda, acompa\u00f1amiento comunitario, promoci\u00f3n y difusi\u00f3n de los derechos humanos o derechos ind\u00edgenas a nivel local, nacional o internacional.<\/li>\n              <li>Experiencia en los temas del derecho ind\u00edgena, el pluralismo jur\u00eddico, los sistemas de justicia ind\u00edgenas, en la justicia constitucional o los derechos humanos para diagnosticar problemas de acceso a la procuraci\u00f3n y administraci\u00f3n de justicia, derechos territoriales y agrarios, procesos legislativos y administrativos, discriminaci\u00f3n y racismo en los espacios p\u00fablicos y privados.<\/li>\n              <li>Conocimientos en los derechos ind\u00edgenas para la defensa de las personas, comunidades y pueblos ind\u00edgenas.<\/li>\n              <li>Experiencia en proyectos sociales y culturales con car\u00e1cter inter y transdiciplinarios en el \u00e1mbito de la justicia social y jur\u00eddica.<\/li>\n              <li>Conocimiento y experiencia de trabajo con personas, pueblos ind\u00edgenas y comunidades ind\u00edgenas.<\/li>\n              <li>Conocimiento y experiencia de trabajo en instituciones p\u00fablicas, privadas, asociaciones de la sociedad civil y organismos internacionales en la defensa de los derechos de los Pueblos Ind\u00edgenas.<\/li>\n              <li>Preferentemente, tener conocimientos de lengua y cultura de un pueblo ind\u00edgena o adscribirse a alguno.<\/li>\n            <\/ul>\n          <\/div>\n        <\/div>\n      <\/div>\n      <div class=\"card\">\n        <div class=\"card-header\" id=\"heading3\">\n          <h2>\n            <button class=\"card-link collapsed\" data-toggle=\"collapse\" data-target=\"#collapse3\" aria-expanded=\"false\" aria-controls=\"collapse3\">\n              Perfil de egreso\n            <\/button>\n          <\/h2>\n        <\/div>\n        <div id=\"collapse3\" class=\"collapse\" aria-labelledby=\"heading3\" data-parent=\"#accordion\">\n          <div class=\"card-body\">\n            <figure>\n              <img class=\"img-fluid mx-auto\" alt=\"\" src=\"http:\/\/app.rcastellanos.cdmx.gob.mx\/irc\/investigacion-posgrado\/wp-content\/uploads\/sites\/6\/2021\/07\/egreso2.png\">\n            <\/figure>\n            <ul>\n              <li>Elabora proyectos de investigaci\u00f3n, aplicando metodolog\u00edas decoloniales, saberes y conocimientos de los sistemas de justicia ind\u00edgena y estadual para aportar a la soluci\u00f3n de los problemas sociales entorno a los Pueblos Ind\u00edgenas.<\/li>\n              <li>Diagn\u00f3stica la problem\u00e1tica social, pol\u00edtica y cultural de los Pueblos Ind\u00edgenas y propone soluciones aplicando el conocimiento interdisciplinario de manera colaborativa.<\/li>\n              <li>Genera publicaciones acad\u00e9micas y comunitarias de difusi\u00f3n a partir de las investigaciones que realiza con las comunidades de trabajo.<\/li>\n              <li>Dise\u00f1a proyectos sociales en materia de derechos ind\u00edgenas, aplicando metodolog\u00edas y t\u00e9cnicas de investigaci\u00f3n, en colaboraci\u00f3n con organizaciones y colectivos de los pueblos, barrios y comunidades ind\u00edgenas.<\/li>\n              <li>Participa en actividades de formaci\u00f3n y docencia en la ense\u00f1anza del derecho ind\u00edgena, el pluralismo jur\u00eddico y los derechos humanos en espacios p\u00fablicos, privados o de la sociedad civil.<\/li>\n              <li>Propone nuevas posturas te\u00f3ricas y metodol\u00f3gicas a partir del proyecto de investigaci\u00f3n y\/o intervenci\u00f3n en los derechos ind\u00edgenas.<\/li>\n              <li>Dise\u00f1a propuestas de soluci\u00f3n a los problemas de acceso a la justicia que viven los pueblos ind\u00edgenas en las instituciones de impartici\u00f3n de justicia.<\/li>\n              <li>Dise\u00f1a actividades de promoci\u00f3n y defensa de los derechos ind\u00edgenas en diferentes espacios, p\u00fablicos y privados, gubernamentales, estatales y comunitarios.<\/li>\n              <li>Implementa y acompa\u00f1a la defensa de los derechos de personas, pueblos y comunidades ind\u00edgenas a trav\u00e9s de mecanismos jurisdiccionales y no jurisdiccionales.<\/li>\n              <li>Acompa\u00f1a procesos comunitarios para el dise\u00f1o de proyectos de las comunidades referentes a los derechos de personas, pueblos y comunidades ind\u00edgenas.<\/li>\n            <\/ul>\n          <\/div>\n        <\/div>\n      <\/div>\n      <div class=\"card\">\n        <div class=\"card-header\" id=\"heading4\">\n          <h2>\n            <button class=\"card-link collapsed\" data-toggle=\"collapse\" data-target=\"#collapse4\" aria-expanded=\"false\" aria-controls=\"collapse4\">\n              L\u00edneas de investigaci\u00f3n\n            <\/button>\n          <\/h2>\n        <\/div>\n        <div id=\"collapse4\" class=\"collapse\" aria-labelledby=\"heading4\" data-parent=\"#accordion\">\n          <div class=\"card-body\">\n            <figure>\n              <img class=\"img-fluid mx-auto\" alt=\"\" src=\"http:\/\/app.rcastellanos.cdmx.gob.mx\/irc\/investigacion-posgrado\/wp-content\/uploads\/sites\/6\/2021\/07\/linea_investigacion.png\">\n            <\/figure>\n            <ol class=\"lista-letras\">\n              <li>Derechos de las Mujeres Ind\u00edgenas, Participaci\u00f3n Pol\u00edtica, Interculturalidad.<\/li>\n              <li>Sistemas Jur\u00eddicos Ind\u00edgenas y Pluralidad Epistemol\u00f3gica.<\/li>\n              <li>Derechos Humanos, Justicia y Mecanismos de Defensa.<\/li>\n              <li>Jurisdicci\u00f3n Ind\u00edgena, Antropolog\u00eda Jur\u00eddica y Pluralismo Jur\u00eddico.<\/li>\n              <li>Argumentaci\u00f3n Jur\u00eddica, Interculturalidad y Litigio Estrat\u00e9gico.<\/li>\n              <li>Propiedad Intelectual, Conocimientos Ind\u00edgenas y Derechos Humanos.<\/li>\n              <li>Derecho electoral ind\u00edgena, participaci\u00f3n pol\u00edtica y ciudadan\u00eda comunitaria.<\/li>\n              <li>Derecho ind\u00edgena en la \u00e9poca colonial, int\u00e9rpretes y documentos coloniales.<\/li>\n              <li>Derecho al territorio, soberan\u00eda alimentaria, econom\u00eda solidaria y extractivismo.<\/li>\n            <\/ol>\n          <\/div>\n        <\/div>\n      <\/div>\n      <div class=\"card\">\n        <div class=\"card-header\" id=\"heading5\">\n          <h2>\n            <button class=\"card-link collapsed\" data-toggle=\"collapse\" data-target=\"#collapse5\" aria-expanded=\"false\" aria-controls=\"collapse5\">\n              Oferta educativa\n            <\/button>\n          <\/h2>\n        <\/div>\n        <div id=\"collapse5\" class=\"collapse\" aria-labelledby=\"heading5\" data-parent=\"#accordion\">\n          <div class=\"card-body\">\n            <p>La Maestr\u00eda corresponde al nivel posterior a la licenciatura y se otorga el grado de <strong>Maestr\u00eda en Derecho Ind\u00edgena<\/strong>.<\/p>\n            <p>La duraci\u00f3n del programa es de: <strong>cuatro semestres.<\/strong><\/p>\n            <p>En modalidad a distancia bajo un modelo h\u00edbrido y dual.<\/p>\n          <\/div>\n        <\/div>\n      <\/div>\n      <div class=\"card\">\n        <div class=\"card-header\" id=\"heading6\">\n          <h2>\n            <button class=\"card-link collapsed\" data-toggle=\"collapse\" data-target=\"#collapse6\" aria-expanded=\"false\" aria-controls=\"collapse6\">\n              Estructura curricular\n            <\/button>\n          <\/h2>\n        <\/div>\n        <div id=\"collapse6\" class=\"collapse\" aria-labelledby=\"heading6\" data-parent=\"#accordion\">\n          <div class=\"card-body esquema maestria-di\">\n            <div class=\"wp-block-image\">\n              <figure class=\"aligncenter size-large\">\n                <img alt=\"\" src=\"http:\/\/app.rcastellanos.cdmx.gob.mx\/irc\/investigacion-posgrado\/wp-content\/uploads\/sites\/6\/2021\/09\/esquema_mdi.png\">\n              <\/figure>\n            <\/div>\n            <div class=\"table-responsive\">\n              <table class=\"table table-striped\">\n                <thead>\n                  <tr>\n                    <th>Semestre<\/th>\n                    <th colspan=\"4\">UCAS<\/th>\n                  <\/tr>\n                <\/thead>\n                <tbody>\n                  <tr>\n                    <td>1<\/td>\n                    <td>Derecho prehisp\u00e1nico y cultura diversas<\/td>\n                    <td>Interculturalidad, decolonialidad y pluralidad epistemol\u00f3gica<\/td>\n                    <td>Derechos ind\u00edgenas: historia, legislaci\u00f3n y jurisprudencia<\/td>\n                    <td>Proyecto de investigaci\u00f3n<\/td>\n                  <\/tr>\n                  <tr>\n                    <td>2<\/td>\n                    <td>Teor\u00edas jur\u00eddicas contempor\u00e1neas<\/td>\n                    <td>El acceso a la justicia para personas, pueblos y comunidades ind\u00edgenas<\/td>\n                    <td>Argumentaci\u00f3n jur\u00eddica desde la Interculturalidad y el pluralismo<\/td>\n                    <td>Estrategias para la interculturalidad<\/td>\n                  <\/tr>\n                  <tr>\n                    <td>3<\/td>\n                    <td>Sistemas jur\u00eddicos ind\u00edgenas<\/td>\n                    <td>Justicia ind\u00edgena<\/td>\n                    <td>Mecanismos de exigibilidad de derechos<\/td>\n                    <td>Dise\u00f1o e implantaci\u00f3n del proyecto participativo comunitario<\/td>\n                  <\/tr>\n                  <tr>\n                    <td>4<\/td>\n                    <td>Derechos de las mujeres ind\u00edgenas<\/td>\n                    <td>Litigio Estrat\u00e9gico<\/td>\n                    <td>Sistematizaci\u00f3n del trabajo de grado<\/td>\n                    <td>Elaboraci\u00f3n del trabajo de grado<\/td>\n                  <\/tr>\n                <\/tbody>\n              <\/table>\n            <\/div>\n          <\/div>\n        <\/div>\n      <\/div>\n    <\/div>\n  <\/div>\n\n\n\n<div class=\"wp-block-buttons is-content-justification-center\">\n<div class=\"wp-block-button is-style-fill\"><a class=\"wp-block-button__link\" href=\"http:\/\/app.rcastellanos.cdmx.gob.mx\/irc\/investigacion-posgrado\/wp-content\/uploads\/sites\/6\/2021\/09\/estructura_curricular_M_di_2.pdf\" target=\"_blank\" rel=\"noreferrer noopener\">Estructura curricular<\/a><\/div>\n\n\n\n<div class=\"wp-block-button is-style-fill\"><a class=\"wp-block-button__link\" href=\"http:\/\/app.rcastellanos.cdmx.gob.mx\/irc\/investigacion-posgrado\/wp-content\/uploads\/sites\/6\/2021\/07\/maestria_en_derecho_indigena.pdf\" target=\"_blank\" rel=\"noreferrer noopener\">Infograf\u00eda<\/a><\/div>\n<\/div>\n<\/div><\/div>\n","protected":false},"excerpt":{"rendered":"","protected":false},"author":1,"featured_media":0,"parent":226,"menu_order":0,"comment_status":"closed","ping_status":"closed","template":"templates\/template-full-width.php","meta":[],"_links":{"self":[{"href":"http:\/\/app.rcastellanos.cdmx.gob.mx\/irc\/investigacion-posgrado\/wp-json\/wp\/v2\/pages\/393"}],"collection":[{"href":"http:\/\/app.rcastellanos.cdmx.gob.mx\/irc\/investigacion-posgrado\/wp-json\/wp\/v2\/pages"}],"about":[{"href":"http:\/\/app.rcastellanos.cdmx.gob.mx\/irc\/investigacion-posgrado\/wp-json\/wp\/v2\/types\/page"}],"author":[{"embeddable":true,"href":"http:\/\/app.rcastellanos.cdmx.gob.mx\/irc\/investigacion-posgrado\/wp-json\/wp\/v2\/users\/1"}],"replies":[{"embeddable":true,"href":"http:\/\/app.rcastellanos.cdmx.gob.mx\/irc\/investigacion-posgrado\/wp-json\/wp\/v2\/comments?post=393"}],"version-history":[{"count":21,"href":"http:\/\/app.rcastellanos.cdmx.gob.mx\/irc\/investigacion-posgrado\/wp-json\/wp\/v2\/pages\/393\/revisions"}],"predecessor-version":[{"id":1044,"href":"http:\/\/app.rcastellanos.cdmx.gob.mx\/irc\/investigacion-posgrado\/wp-json\/wp\/v2\/pages\/393\/revisions\/1044"}],"up":[{"embeddable":true,"href":"http:\/\/app.rcastellanos.cdmx.gob.mx\/irc\/investigacion-posgrado\/wp-json\/wp\/v2\/pages\/226"}],"wp:attachment":[{"href":"http:\/\/app.rcastellanos.cdmx.gob.mx\/irc\/investigacion-posgrado\/wp-json\/wp\/v2\/media?parent=393"}],"curies":[{"name":"wp","href":"https:\/\/api.w.org\/{rel}","templated":true}]}}