{"id":417,"date":"2021-07-29T16:29:06","date_gmt":"2021-07-29T16:29:06","guid":{"rendered":"http:\/\/app.rcastellanos.cdmx.gob.mx\/irc\/investigacion-posgrado\/?page_id=417"},"modified":"2021-08-18T17:34:14","modified_gmt":"2021-08-18T17:34:14","slug":"d-asem","status":"publish","type":"page","link":"http:\/\/app.rcastellanos.cdmx.gob.mx\/irc\/investigacion-posgrado\/oferta-academica\/doctorados\/d-asem\/","title":{"rendered":"Doctorado en Ambientes y Sistemas Educativos Multimodales"},"content":{"rendered":"\n<div class=\"wp-block-group alignwide posgrados has-background\" style=\"background-color:#ffffff\"><div class=\"wp-block-group__inner-container\"><div class=\"breadcrumbs \" typeof=\"BreadcrumbList\" vocab=\"https:\/\/schema.org\/\"><span property=\"itemListElement\" typeof=\"ListItem\"><a property=\"item\" typeof=\"WebPage\" title=\"Go to Direcci\u00f3n de Investigaci\u00f3n y Posgrado.\" href=\"http:\/\/app.rcastellanos.cdmx.gob.mx\/irc\/investigacion-posgrado\" class=\"home\" ><span property=\"name\">Inicio<\/span><\/a><meta property=\"position\" content=\"1\"><\/span> &#047; <span property=\"itemListElement\" typeof=\"ListItem\"><a property=\"item\" typeof=\"WebPage\" title=\"Go to Comunicaci\u00f3n.\" href=\"http:\/\/app.rcastellanos.cdmx.gob.mx\/irc\/investigacion-posgrado\/comunicacion\/\" class=\"post post-page\" ><span property=\"name\">Comunicaci\u00f3n<\/span><\/a><meta property=\"position\" content=\"2\"><\/span> &#047; <span property=\"itemListElement\" typeof=\"ListItem\"><a property=\"item\" typeof=\"WebPage\" title=\"Go to Entradas.\" href=\"http:\/\/app.rcastellanos.cdmx.gob.mx\/irc\/investigacion-posgrado\/comunicacion\/publicaciones\/\" class=\"post-root post post-post\" aria-current=\"page\"><span property=\"name\">Entradas<\/span><\/a><meta property=\"position\" content=\"3\"><\/span><\/div>\n\n\n<!-- *** doctorado en ambientes, sistemas y gesti\u00f3n en educaci\u00f3n multimodal *** --> \n<div class=\"acordeon-contenido\">\n  <div id=\"accordion\">\n    <div class=\"card\">\n      <div class=\"card-header\" id=\"heading1\">\n        <h2>\n          <button class=\"card-link\" data-toggle=\"collapse\" data-target=\"#collapse1\" aria-expanded=\"true\" aria-controls=\"collapse1\">\n            Objetivo\n          <\/button>\n        <\/h2>\n      <\/div>\n      <div id=\"collapse1\" class=\"collapse show\" aria-labelledby=\"heading1\" data-parent=\"#accordion\">\n        <div class=\"card-body\">\n          <figure>\n            <img class=\"img-fluid mx-auto\" alt=\"\" src=\"http:\/\/app.rcastellanos.cdmx.gob.mx\/irc\/investigacion-posgrado\/wp-content\/uploads\/sites\/6\/2021\/07\/objetivo.png\">\n          <\/figure>\n          <p>Formar investigadores con una visi\u00f3n cr\u00edtica e inclusiva, capaces de identificar y generar soluciones a la problem\u00e1tica de ambientes, y sistemas de la educaci\u00f3n multimodal desde los m\u00faltiples campos disciplinarios y su mediaci\u00f3n tecnol\u00f3gica; as\u00ed mismo, generar, aplicar, divulgar y evaluar nuevos conocimientos e innovaciones que articulen interrelaciones que converjan en la educaci\u00f3n como un sistema complejo.<\/p>\n        <\/div>\n      <\/div>\n    <\/div>\n    <div class=\"card\">\n      <div class=\"card-header\" id=\"heading2\">\n        <h2>\n          <button class=\"card-link\" data-toggle=\"collapse\" data-target=\"#collapse2\" aria-expanded=\"true\" aria-controls=\"collapse2\">\n            Perfil de ingreso\n          <\/button>\n        <\/h2>\n      <\/div>\n      <div id=\"collapse2\" class=\"collapse\" aria-labelledby=\"heading2\" data-parent=\"#accordion\">\n        <div class=\"card-body\">\n          <figure>\n            <img class=\"img-fluid mx-auto\" alt=\"\" src=\"http:\/\/app.rcastellanos.cdmx.gob.mx\/irc\/investigacion-posgrado\/wp-content\/uploads\/sites\/6\/2021\/07\/ingreso2.png\">\n          <\/figure>\n          <ul>\n            <li>Ser cr\u00edticos y creativos, capaces de expresar y comunicar de forma oral y escrita sus ideas.<\/li>\n            <li>Tener disposici\u00f3n para aprender y adquirir nuevos conocimientos.<\/li>\n            <li>Mostrar inter\u00e9s en la soluci\u00f3n de problemas educativos con visi\u00f3n innovadora y creativa.<\/li>\n            <li>Ser capaces de plantear la soluci\u00f3n de problemas educativos y con apertura al cambio.<\/li>\n            <li>Mostrar habilidades para identificar problemas en el \u00e1mbito educativo mediado por el uso de las TIC.<\/li>\n            <li>Poseer competencias para el manejo de aplicaciones tecnol\u00f3gicas de apoyo para el aprendizaje y la socializaci\u00f3n.<\/li>\n            <li>Establecer problemas de investigaci\u00f3n educativa que puedan ser abordados en al menos una de las l\u00edneas de investigaci\u00f3n del programa.<\/li>\n            <li>Analizar cr\u00edticamente modelos de gesti\u00f3n, organizaci\u00f3n, planificaci\u00f3n y evaluaci\u00f3n de excelencia educativa.<\/li>\n            <li>Poseer experiencia en el desarrollo de proyectos de intervenci\u00f3n y\/o de investigaci\u00f3n educativa.<\/li>\n            <li>Conocimiento en alguna disciplina af\u00edn a Pedagog\u00eda, Psicolog\u00eda Educativa, Sociolog\u00eda de la Educaci\u00f3n, Filosof\u00eda de la Educaci\u00f3n, Tecnolog\u00edas de la Informaci\u00f3n y Comunicaci\u00f3n Aplicadas a la Educaci\u00f3n, Administraci\u00f3n Educativa, o Gesti\u00f3n de Proyectos Educativos, entre otras.<\/li>\n          <\/ul>\n        <\/div>\n      <\/div>\n    <\/div>\n    <div class=\"card\">\n      <div class=\"card-header\" id=\"heading3\">\n        <h2>\n          <button class=\"card-link collapsed\" data-toggle=\"collapse\" data-target=\"#collapse3\" aria-expanded=\"false\" aria-controls=\"collapse3\">\n            Perfil de egreso\n          <\/button>\n        <\/h2>\n      <\/div>\n      <div id=\"collapse3\" class=\"collapse\" aria-labelledby=\"heading3\" data-parent=\"#accordion\">\n        <div class=\"card-body\">\n          <figure>\n            <img class=\"img-fluid mx-auto\" alt=\"\" src=\"http:\/\/app.rcastellanos.cdmx.gob.mx\/irc\/investigacion-posgrado\/wp-content\/uploads\/sites\/6\/2021\/07\/egreso2.png\">\n          <\/figure>\n          <ul>\n            <li>Fundamenta nuevos modelos de ambientes y gesti\u00f3n para la educaci\u00f3n. Dise\u00f1a entornos de aprendizaje dirigidos a diversos contextos sociales.<\/li>\n            <li>Dise\u00f1a modelos de gesti\u00f3n y evaluaci\u00f3n de excelencia en diversos \u00e1mbitos educativos.<\/li>\n            <li>Desarrolla bases e instrumentos para evaluar y dar seguimiento a las pol\u00edticas educativas y tecnol\u00f3gicas propuestas, a partir de un sistema de indicadores.<\/li>\n            <li>Eval\u00faa el impacto de modelos educativos en diferentes situaciones y \u00e1mbitos.<\/li>\n            <li>Dise\u00f1a, desarrolla, gestiona, administra, da seguimiento y eval\u00faa proyectos de investigaci\u00f3n.<\/li>\n            <li>Diversifica sus fuentes para obtenci\u00f3n y generaci\u00f3n de recursos.<\/li>\n            <li>Colabora con investigadores reconocidos a nivel nacional e internacional.<\/li>\n            <li>Coordina equipos interdisciplinarios de trabajo en investigaci\u00f3n, innovaci\u00f3n, evaluaci\u00f3n, gesti\u00f3n e intervenci\u00f3n de ambientes educativos mediados por las TIC mediante redes de colaboraci\u00f3n.<\/li>\n            <li>Publica conocimiento innovador de alto impacto en revistas nacionales e internacionales.<\/li>\n            <li>Fundamenta propuestas de investigaci\u00f3n, intervenci\u00f3n e innovaci\u00f3n con base en la construcci\u00f3n l\u00f3gica, epistemol\u00f3gica y \u00e9tica.<\/li>\n            <li>Genera pol\u00edticas institucionales, gubernamentales e internacionales en educaci\u00f3n, considerando la diversidad humana y social, asociada a las brechas digitales y cognitivas.<\/li>\n            <li>Genera prototipos, modelos de utilidad o patentes de naturaleza educativa.<\/li>\n          <\/ul>\n        <\/div>\n      <\/div>\n    <\/div>\n    <div class=\"card\">\n      <div class=\"card-header\" id=\"heading4\">\n        <h2>\n          <button class=\"card-link collapsed\" data-toggle=\"collapse\" data-target=\"#collapse4\" aria-expanded=\"false\" aria-controls=\"collapse4\">\n            L\u00edneas de investigaci\u00f3n\n          <\/button>\n        <\/h2>\n      <\/div>\n      <div id=\"collapse4\" class=\"collapse\" aria-labelledby=\"heading4\" data-parent=\"#accordion\">\n        <div class=\"card-body\">\n          <figure>\n            <img class=\"img-fluid mx-auto\" alt=\"\" src=\"http:\/\/app.rcastellanos.cdmx.gob.mx\/irc\/investigacion-posgrado\/wp-content\/uploads\/sites\/6\/2021\/07\/linea_investigacion.png\">\n          <\/figure>\n          <ol class=\"lista-letras\">\n            <li>Redes de conocimiento, aprendizaje y cultura digital.<\/li>\n            <li>Ambientes, sistemas, modelos y opciones educativas multimodales.<\/li>\n            <li>Gesti\u00f3n y excelencia de programas educativos.<\/li>\n            <li>Pol\u00edtica educativa y cambio social en las grandes urbes.<\/li>\n            <li>Pr\u00e1cticas educativas y procesos de formaci\u00f3n.<\/li>\n            <li>Educaci\u00f3n intercultural.<\/li>\n            <li>Educaci\u00f3n, g\u00e9nero y diversidades.<\/li>\n            <li>Estados del Arte sobre ambientes y sistemas educativos multimodales.<\/li>\n            <li>Nuevos escenarios para el 2030.<\/li>\n          <\/ol>\n        <\/div>\n      <\/div>\n    <\/div>\n    <div class=\"card\">\n      <div class=\"card-header\" id=\"heading5\">\n        <h2>\n          <button class=\"card-link collapsed\" data-toggle=\"collapse\" data-target=\"#collapse5\" aria-expanded=\"false\" aria-controls=\"collapse5\">\n            Oferta educativa\n          <\/button>\n        <\/h2>\n      <\/div>\n      <div id=\"collapse5\" class=\"collapse\" aria-labelledby=\"heading5\" data-parent=\"#accordion\">\n        <div class=\"card-body\">\n          <p>El Doctorado corresponde al nivel posterior a la maestr\u00eda y se extiende el grado de <strong>Doctorado en Ambientes y Sistemas Educativos Multimodales<\/strong>.<\/p>\n          <p>La duraci\u00f3n del programa es de: <strong>seis semestres<\/strong>.<\/p>\n          <p>En modalidad a distancia bajo un modelo h\u00edbrido y dual.<\/p>\n        <\/div>\n      <\/div>\n    <\/div>\n    <div class=\"card\">\n      <div class=\"card-header\" id=\"heading6\">\n        <h2>\n          <button class=\"card-link collapsed\" data-toggle=\"collapse\" data-target=\"#collapse6\" aria-expanded=\"false\" aria-controls=\"collapse6\">\n            Estructura curricular\n          <\/button>\n        <\/h2>\n      <\/div>\n      <div id=\"collapse6\" class=\"collapse\" aria-labelledby=\"heading6\" data-parent=\"#accordion\">\n        <div class=\"card-body esquema doctorado-asem\">\n          <div class=\"wp-block-image\">\n            <figure class=\"aligncenter size-large\">\n              <img alt=\"\" src=\"http:\/\/app.rcastellanos.cdmx.gob.mx\/irc\/investigacion-posgrado\/wp-content\/uploads\/sites\/6\/2021\/07\/esquema_de_Estructura_curricular-1.png\">\n            <\/figure>\n          <\/div>\n          <div class=\"container-fluid\">\n            <h3>Nodos de Formaci\u00f3n Curricular<\/h3>\n            <div class=\"row\">\n              <div class=\"col-12 col-sm-12 col-md-4\">\n                <div>\n                  <h4>Trabajo de investigaci\u00f3n en escenarios aut\u00e9nticos<\/h4>\n                  <ul>\n                    <li>Desarrollo B\u00e1sico de Investigaci\u00f3n.<\/li>\n                    <li>Desarrollo Intermedio de Investigaci\u00f3n.<\/li>\n                    <li>Desarrollo Avanzado de Investigaci\u00f3n.<\/li>\n                  <\/ul>\n                <\/div>\n              <\/div>\n              <div class=\"col-12 col-sm-12 col-md-4\">\n                <div>\n                  <h4>Seminarios <br><span class=\"normal\">(Uno obligatorio y dos de elecci\u00f3n durante la trayectoria\n                    curricular)<\/span><\/h4>\n                    <ul class=\"linea-divisoria\">\n                      <li>Educaci\u00f3n multimodal dentro de un contexto de modelo de interacciones de aprendizaje.<\/li>\n                    <\/ul>\n                    <ul class=\"linea-divisoria\">\n                      <li>Pedagog\u00edas emergentes y lenguajes multimodales, o<\/li>\n                      <li>Sistemas Educativos Multimodales con elaboraci\u00f3n de proyecto.<\/li>\n                    <\/ul>\n                    <ul>\n                      <li>Diversidad, convergencia e interpretaci\u00f3n entre discurso y praxis en la educaci\u00f3n multimodal,\n                        o<\/li>\n                      <li>Di\u00e1logo, estructura y autonom\u00eda del estudiante en ambientes multimodales.<\/li>\n                    <\/ul>\n                <\/div>\n              <\/div>\n              <div class=\"col-12 col-sm-12 col-md-4\">\n                <div>\n                  <h4>Taller<\/h4>\n                  <ul>\n                    <li>Publicaci\u00f3n en revista indexada o arbitrada.<\/li>\n                  <\/ul>\n                  <h5>Eventos de presentaci\u00f3n<\/h5>\n                    <ul>\n                      <li>Dos coloquios<\/li>\n                      <li>Presentaci\u00f3n en evento abierto.<\/li>\n                    <\/ul>\n                <\/div>\n              <\/div>\n            <\/div>\n          <\/div>\n        <\/div>\n      <\/div>\n    <\/div>\n  <\/div>\n<\/div>\n\n\n\n<div class=\"wp-block-buttons is-content-justification-center\">\n<div class=\"wp-block-button is-style-fill\"><a class=\"wp-block-button__link\" href=\"http:\/\/app.rcastellanos.cdmx.gob.mx\/irc\/investigacion-posgrado\/wp-content\/uploads\/sites\/6\/2021\/08\/estructura_curricular_D_asem.pdf\" target=\"_blank\" rel=\"noreferrer noopener\">Estructura curricular<\/a><\/div>\n\n\n\n<div class=\"wp-block-button is-style-fill\"><a class=\"wp-block-button__link\" href=\"http:\/\/app.rcastellanos.cdmx.gob.mx\/irc\/investigacion-posgrado\/wp-content\/uploads\/sites\/6\/2021\/07\/doctorado_en_ambientes_y_sistemas_educativos_multimodales.pdf\" target=\"_blank\" rel=\"noreferrer noopener\">Infograf\u00eda<\/a><\/div>\n<\/div>\n<\/div><\/div>\n","protected":false},"excerpt":{"rendered":"","protected":false},"author":1,"featured_media":0,"parent":272,"menu_order":0,"comment_status":"closed","ping_status":"closed","template":"templates\/template-full-width.php","meta":[],"_links":{"self":[{"href":"http:\/\/app.rcastellanos.cdmx.gob.mx\/irc\/investigacion-posgrado\/wp-json\/wp\/v2\/pages\/417"}],"collection":[{"href":"http:\/\/app.rcastellanos.cdmx.gob.mx\/irc\/investigacion-posgrado\/wp-json\/wp\/v2\/pages"}],"about":[{"href":"http:\/\/app.rcastellanos.cdmx.gob.mx\/irc\/investigacion-posgrado\/wp-json\/wp\/v2\/types\/page"}],"author":[{"embeddable":true,"href":"http:\/\/app.rcastellanos.cdmx.gob.mx\/irc\/investigacion-posgrado\/wp-json\/wp\/v2\/users\/1"}],"replies":[{"embeddable":true,"href":"http:\/\/app.rcastellanos.cdmx.gob.mx\/irc\/investigacion-posgrado\/wp-json\/wp\/v2\/comments?post=417"}],"version-history":[{"count":16,"href":"http:\/\/app.rcastellanos.cdmx.gob.mx\/irc\/investigacion-posgrado\/wp-json\/wp\/v2\/pages\/417\/revisions"}],"predecessor-version":[{"id":807,"href":"http:\/\/app.rcastellanos.cdmx.gob.mx\/irc\/investigacion-posgrado\/wp-json\/wp\/v2\/pages\/417\/revisions\/807"}],"up":[{"embeddable":true,"href":"http:\/\/app.rcastellanos.cdmx.gob.mx\/irc\/investigacion-posgrado\/wp-json\/wp\/v2\/pages\/272"}],"wp:attachment":[{"href":"http:\/\/app.rcastellanos.cdmx.gob.mx\/irc\/investigacion-posgrado\/wp-json\/wp\/v2\/media?parent=417"}],"curies":[{"name":"wp","href":"https:\/\/api.w.org\/{rel}","templated":true}]}}