{"id":488,"date":"2021-08-12T23:19:10","date_gmt":"2021-08-12T23:19:10","guid":{"rendered":"http:\/\/app.rcastellanos.cdmx.gob.mx\/irc\/investigacion-posgrado\/?page_id=488"},"modified":"2021-09-02T04:22:07","modified_gmt":"2021-09-02T04:22:07","slug":"extension","status":"publish","type":"page","link":"http:\/\/app.rcastellanos.cdmx.gob.mx\/irc\/investigacion-posgrado\/extension\/","title":{"rendered":"Extensi\u00f3n"},"content":{"rendered":"\n<div class=\"wp-block-group alignwide extension-contenido has-background\" style=\"background-color:#ffffff\"><div class=\"wp-block-group__inner-container\"><div class=\"breadcrumbs \" typeof=\"BreadcrumbList\" vocab=\"https:\/\/schema.org\/\"><span property=\"itemListElement\" typeof=\"ListItem\"><a property=\"item\" typeof=\"WebPage\" title=\"Go to Direcci\u00f3n de Investigaci\u00f3n y Posgrado.\" href=\"http:\/\/app.rcastellanos.cdmx.gob.mx\/irc\/investigacion-posgrado\" class=\"home\" ><span property=\"name\">Inicio<\/span><\/a><meta property=\"position\" content=\"1\"><\/span> &#047; <span property=\"itemListElement\" typeof=\"ListItem\"><a property=\"item\" typeof=\"WebPage\" title=\"Go to Comunicaci\u00f3n.\" href=\"http:\/\/app.rcastellanos.cdmx.gob.mx\/irc\/investigacion-posgrado\/comunicacion\/\" class=\"post post-page\" ><span property=\"name\">Comunicaci\u00f3n<\/span><\/a><meta property=\"position\" content=\"2\"><\/span> &#047; <span property=\"itemListElement\" typeof=\"ListItem\"><a property=\"item\" typeof=\"WebPage\" title=\"Go to Entradas.\" href=\"http:\/\/app.rcastellanos.cdmx.gob.mx\/irc\/investigacion-posgrado\/comunicacion\/publicaciones\/\" class=\"post-root post post-post\" aria-current=\"page\"><span property=\"name\">Entradas<\/span><\/a><meta property=\"position\" content=\"3\"><\/span><\/div>\n\n\n<h2 id=\"eventos\">Eventos<\/h2>\n\n\n\n<ul class=\"lista-link-espacio\"><li><a href=\"http:\/\/app.rcastellanos.cdmx.gob.mx\/irc\/investigacion-posgrado\/extension\/curso-intro-2021-2\/\">Curso \u201cConceptos fundamentales de introducci\u00f3n al Posgrado\u201d 2021-2<\/a><\/li><li><a href=\"http:\/\/app.rcastellanos.cdmx.gob.mx\/irc\/investigacion-posgrado\/extension\/primer-coloquio-irc\/\">1er Coloquio interno de Investigaci\u00f3n del Posgrado del Instituto de Estudios Superiores de la Ciudad de M\u00e9xico \u201cRosario Castellanos\u201d<\/a><\/li><li><a href=\"http:\/\/app.rcastellanos.cdmx.gob.mx\/irc\/investigacion-posgrado\/extension\/curso-introduccion2021-1\/\">Curso \u201cConceptos fundamentales de introducci\u00f3n al Posgrado\u201d 2021-1<\/a><\/li><\/ul>\n<\/div><\/div>\n\n\n\n<div style=\"height:50px\" aria-hidden=\"true\" class=\"wp-block-spacer\"><\/div>\n\n\n\n<div class=\"wp-block-group alignwide has-background\" style=\"background-color:#ffffff\"><div class=\"wp-block-group__inner-container\">\n<h2 id=\"conferencias\">Conferencias<\/h2>\n\n\n\n<!-- conferencias -->\n  <div>\n    <h3>Seminario M\u00e9xico Tenochtitlan Siete Siglos de Historia<\/h3>\n    <ul>\n      <li>\n        <p class=\"mb-0\">Conversatorio, Escrituras ind\u00edgenas. An\u00e1lisis de sus cr\u00f3nicas<\/p>\n        <p><a href=\"https:\/\/youtu.be\/gVmWLKvqJMk\" target=\"_blank\" rel=\"noopener\">https:\/\/youtu.be\/gVmWLKvqJMk<\/a><\/p>\n      <\/li>\n      <li>\n        <p class=\"mb-0\">Los escritos de Cort\u00e9s y la Conquista<\/p>\n        <p><a href=\"https:\/\/youtu.be\/J8kIleL2TOM\" target=\"_blank\" rel=\"noopener\">https:\/\/youtu.be\/J8kIleL2TOM<\/a><\/p>\n      <\/li>\n      <li>\n        <p class=\"mb-0\">Las cr\u00f3nicas de la Conquista<\/p>\n        <p><a href=\"https:\/\/youtu.be\/9yR9W2QcG60\" target=\"_blank\" rel=\"noopener\">https:\/\/youtu.be\/9yR9W2QcG60<\/a><\/p>\n      <\/li>\n      <li>\n        <p class=\"mb-0\">La mujer ind\u00edgena y la mujer en la Colonia<\/p>\n        <p><a href=\"https:\/\/youtu.be\/7-fnZdW-feo\" target=\"_blank\" rel=\"noopener\">https:\/\/youtu.be\/7-fnZdW-feo<\/a><\/p>\n      <\/li>\n      <li>\n        <p class=\"mb-0\">Medicina tradicional y herbolaria (Tenochtitlan)<\/p>\n        <p><a href=\"https:\/\/youtu.be\/6qKfidOpikc\" target=\"_blank\" rel=\"noopener\">https:\/\/youtu.be\/6qKfidOpikc<\/a><\/p>\n      <\/li>\n      <li>\n        <p class=\"mb-0\">Enfermedades prehisp\u00e1nicas y enfermedades y epidemias en la Nueva Espa\u00f1a<\/p>\n        <p><a href=\"https:\/\/youtu.be\/jlDmE_uYf8c\" target=\"_blank\" rel=\"noopener\">https:\/\/youtu.be\/jlDmE_uYf8c<\/a><\/p>\n      <\/li>\n      <li>\n        <p class=\"mb-0\">Afrodescendientes en la Nueva Espa\u00f1a<\/p>\n        <p><a href=\"https:\/\/youtu.be\/lgujmraA37s\" target=\"_blank\" rel=\"noopener\">https:\/\/youtu.be\/lgujmraA37s<\/a><\/p>\n      <\/li>\n      <li>\n        <p class=\"mb-0\">Cuicuilco<\/p>\n        <p><a href=\"https:\/\/youtu.be\/pRIGWQ4UuEY\" target=\"_blank\" rel=\"noopener\">https:\/\/youtu.be\/pRIGWQ4UuEY<\/a><\/p>\n      <\/li>\n      <li>\n        <p class=\"mb-0\">M\u00fasica prehisp\u00e1nica y m\u00fasica colonial<\/p>\n        <p><a href=\"https:\/\/youtu.be\/7OQshU89PTc\" target=\"_blank\" rel=\"noopener\">https:\/\/youtu.be\/7OQshU89PTc<\/a><\/p>\n      <\/li>\n      <li>\n        <p class=\"mb-0\">La gastronom\u00eda en el protocolo de Moctezuma Xocoyotzin, en la conquista y el mestizaje<\/p>\n        <p><a href=\"https:\/\/youtu.be\/Mlf-9UwqsO0\" target=\"_blank\" rel=\"noopener\">https:\/\/youtu.be\/Mlf-9UwqsO0<\/a><\/p>\n      <\/li>\n      <li>\n        <p class=\"mb-0\">La vida cotidiana ind\u00edgena 1421-1820 y el surgimiento de la disidencia a principios del siglo XIX<\/p>\n        <p><a href=\"https:\/\/www.youtube.com\/watch?v=tRDkPMR-830\" target=\"_blank\" rel=\"noopener\">https:\/\/www.youtube.com\/watch?v=tRDkPMR-830<\/a><\/p>\n      <\/li>\n      <li>\n        <p class=\"mb-0\">Econom\u00eda ind\u00edgena, econom\u00eda de la Nueva Espa\u00f1a y las Reformas Borb\u00f3nicas<\/p>\n        <p><a href=\"https:\/\/www.youtube.com\/watch?v=oy7XDLv7x-Q\" target=\"_blank\" rel=\"noopener\">https:\/\/www.youtube.com\/watch?v=oy7XDLv7x-Q<\/a><\/p>\n      <\/li>\n      <li>\n        <p class=\"mb-0\">El papel de Tlaxcala en el proceso de Conquista<\/p>\n        <p><a href=\"https:\/\/www.youtube.com\/watch?v=ttHARaq-HiM&#038;t=5s\" target=\"_blank\" rel=\"noopener\">https:\/\/www.youtube.com\/watch?v=ttHARaq-HiM&#038;t=5s<\/a><\/p>\n      <\/li>\n      <li>\n        <p class=\"mb-0\">La muerte en la sociedad prehisp\u00e1nica y en la cultura occidental de la Nueva Espa\u00f1a<\/p>\n        <p><a href=\"https:\/\/www.youtube.com\/watch?v=orCVpUS8Qd0\" target=\"_blank\" rel=\"noopener\">https:\/\/www.youtube.com\/watch?v=orCVpUS8Qd0<\/a><\/p>\n      <\/li>\n      <li>\n        <p class=\"mb-0\">La ciencia y la tecnolog\u00eda en las grandes transformaciones de M\u00e9xico<\/p>\n        <p><a href=\"https:\/\/www.youtube.com\/watch?v=yc7zgRMHw2k&#038;t=5s\" target=\"_blank\" rel=\"noopener\">https:\/\/www.youtube.com\/watch?v=yc7zgRMHw2k&#038;t=5s<\/a><\/p>\n      <\/li>\n      <li>\n        <p class=\"mb-0\">El libro, lectores y los libros prohibidos, 1571-1820<\/p>\n        <p><a href=\"https:\/\/www.youtube.com\/watch?v=gddqrYYO08c&#038;t=8s\" target=\"_blank\" rel=\"noopener\">https:\/\/www.youtube.com\/watch?v=gddqrYYO08c&#038;t=8s<\/a><\/p>\n      <\/li>\n      <li>\n        <p class=\"mb-0\">La Inquisici\u00f3n: \u00bfVigilancia o control social en la Colonia?<\/p>\n        <p><a href=\"https:\/\/www.youtube.com\/watch?v=xOYiUDWrN0Q\" target=\"_blank\" rel=\"noopener\">https:\/\/www.youtube.com\/watch?v=xOYiUDWrN0Q<\/a><\/p>\n      <\/li>\n      <li>\n        <p class=\"mb-0\">Juegos y deportes prehisp\u00e1nicos<\/p>\n        <p><a href=\"https:\/\/www.youtube.com\/watch?v=gImwGwd6Q4g\" target=\"_blank\" rel=\"noopener\">https:\/\/www.youtube.com\/watch?v=gImwGwd6Q4g<\/a><\/p>\n      <\/li>\n      <li>\n        <p class=\"mb-0\">La interpretaci\u00f3n contempor\u00e1nea de la historia de la Independencia de M\u00e9xico<\/p>\n        <p><a href=\"https:\/\/www.youtube.com\/watch?v=PeXf5wJP1Cg&#038;t=2406s\" target=\"_blank\" rel=\"noopener\">https:\/\/www.youtube.com\/watch?v=PeXf5wJP1Cg&#038;t=2406s<\/a><\/p>\n      <\/li>\n      <li>\n        <p class=\"mb-0\">Adultos peque\u00f1os. La infancia en la guerra de Independencia<\/p>\n        <p><a href=\"https:\/\/www.youtube.com\/watch?v=Hy2aqDYQG8Y&#038;t=1618s\" target=\"_blank\" rel=\"noopener\">https:\/\/www.youtube.com\/watch?v=Hy2aqDYQG8Y&#038;t=1618s<\/a><\/p>\n      <\/li>\n      <li>\n        <p class=\"mb-0\">El federalismo en M\u00e9xico (1821-1827)<\/p>\n        <p><a href=\"https:\/\/www.youtube.com\/watch?v=14M6_WE1wns\" target=\"_blank\" rel=\"noopener\">https:\/\/www.youtube.com\/watch?v=14M6_WE1wns<\/a><\/p>\n      <\/li>\n    <\/ul>\n\n    <hr class=\"wp-block-separator\">\n\n    <h3>Eventos organizados por la Direcci\u00f3n de Investigaci\u00f3n y Posgrado<\/h3>\n    <ul>\n      <li>\n        <p class=\"mb-0\">Inauguraci\u00f3n Ciclo Escolar 2020-2 de los Programas de Posgrado<\/p>\n        <p><a href=\"https:\/\/youtu.be\/N8slNl9mY-I\" target=\"_blank\" rel=\"noopener\">https:\/\/youtu.be\/N8slNl9mY-I<\/a><\/p>\n      <\/li>\n      <li>\n        <p class=\"mb-0\">Webinar | Hablemos del papel de las mujeres en la construcci\u00f3n del conocimiento<\/p>\n        <p><a href=\"https:\/\/youtu.be\/6odv2Ck1W_Q\" target=\"_blank\" rel=\"noopener\">https:\/\/youtu.be\/6odv2Ck1W_Q<\/a><\/p>\n      <\/li>\n      <li>\n        <p class=\"mb-0\">Conferencia Magistral | Hacia la construcci\u00f3n de un nuevo H\u00e1bitat Escolar en el marco de agenda 2030<\/p>\n        <p><a href=\"https:\/\/youtu.be\/tCqKV4TOQPs\" target=\"_blank\" rel=\"noopener\">https:\/\/youtu.be\/tCqKV4TOQPs<\/a><\/p>\n      <\/li>\n      <li>\n        <p class=\"mb-0\">Webinar | Educaci\u00f3n, cultura y ser<\/p>\n        <p><a href=\"https:\/\/www.youtube.com\/watch?v=DkFE2tI2IoA&#038;t=24s\" target=\"_blank\" rel=\"noopener\">https:\/\/www.youtube.com\/watch?v=DkFE2tI2IoA&#038;t=24s<\/a><\/p>\n      <\/li>\n      <li>\n        <p class=\"mb-0\">Webinar | Lectura en voz alta de la obra de Rosario Castellanos<\/p>\n        <p><a href=\"https:\/\/www.youtube.com\/watch?v=3bCnmrraRR4&#038;t=102s\" target=\"_blank\" rel=\"noopener\">https:\/\/www.youtube.com\/watch?v=3bCnmrraRR4&#038;t=102s<\/a><\/p>\n      <\/li>\n    <\/ul>\n  <\/div>\n<\/div><\/div>\n","protected":false},"excerpt":{"rendered":"","protected":false},"author":1,"featured_media":0,"parent":0,"menu_order":0,"comment_status":"closed","ping_status":"closed","template":"","meta":[],"_links":{"self":[{"href":"http:\/\/app.rcastellanos.cdmx.gob.mx\/irc\/investigacion-posgrado\/wp-json\/wp\/v2\/pages\/488"}],"collection":[{"href":"http:\/\/app.rcastellanos.cdmx.gob.mx\/irc\/investigacion-posgrado\/wp-json\/wp\/v2\/pages"}],"about":[{"href":"http:\/\/app.rcastellanos.cdmx.gob.mx\/irc\/investigacion-posgrado\/wp-json\/wp\/v2\/types\/page"}],"author":[{"embeddable":true,"href":"http:\/\/app.rcastellanos.cdmx.gob.mx\/irc\/investigacion-posgrado\/wp-json\/wp\/v2\/users\/1"}],"replies":[{"embeddable":true,"href":"http:\/\/app.rcastellanos.cdmx.gob.mx\/irc\/investigacion-posgrado\/wp-json\/wp\/v2\/comments?post=488"}],"version-history":[{"count":24,"href":"http:\/\/app.rcastellanos.cdmx.gob.mx\/irc\/investigacion-posgrado\/wp-json\/wp\/v2\/pages\/488\/revisions"}],"predecessor-version":[{"id":945,"href":"http:\/\/app.rcastellanos.cdmx.gob.mx\/irc\/investigacion-posgrado\/wp-json\/wp\/v2\/pages\/488\/revisions\/945"}],"wp:attachment":[{"href":"http:\/\/app.rcastellanos.cdmx.gob.mx\/irc\/investigacion-posgrado\/wp-json\/wp\/v2\/media?parent=488"}],"curies":[{"name":"wp","href":"https:\/\/api.w.org\/{rel}","templated":true}]}}