{"id":633,"date":"2022-04-20T00:43:00","date_gmt":"2022-04-20T00:43:00","guid":{"rendered":"http:\/\/app.rcastellanos.cdmx.gob.mx\/irc\/investigacion-posgrado\/?page_id=633"},"modified":"2022-04-21T16:32:36","modified_gmt":"2022-04-21T16:32:36","slug":"doctorado-cs","status":"publish","type":"page","link":"http:\/\/app.rcastellanos.cdmx.gob.mx\/irc\/investigacion-posgrado\/convocatorias\/doctorado-cs\/","title":{"rendered":"Doctorado Ciencias de la Sustentabilidad"},"content":{"rendered":"\n<div class=\"wp-block-group alignwide has-background\" style=\"background-color:#ffffff\"><div class=\"wp-block-group__inner-container\"><div class=\"breadcrumbs \" typeof=\"BreadcrumbList\" vocab=\"https:\/\/schema.org\/\"><span property=\"itemListElement\" typeof=\"ListItem\"><a property=\"item\" typeof=\"WebPage\" title=\"Go to Direcci\u00f3n de Investigaci\u00f3n y Posgrado.\" href=\"http:\/\/app.rcastellanos.cdmx.gob.mx\/irc\/investigacion-posgrado\" class=\"home\" ><span property=\"name\">Inicio<\/span><\/a><meta property=\"position\" content=\"1\"><\/span> &#047; <span property=\"itemListElement\" typeof=\"ListItem\"><a property=\"item\" typeof=\"WebPage\" title=\"Go to Comunicaci\u00f3n.\" href=\"http:\/\/app.rcastellanos.cdmx.gob.mx\/irc\/investigacion-posgrado\/comunicacion\/\" class=\"post post-page\" ><span property=\"name\">Comunicaci\u00f3n<\/span><\/a><meta property=\"position\" content=\"2\"><\/span> &#047; <span property=\"itemListElement\" typeof=\"ListItem\"><a property=\"item\" typeof=\"WebPage\" title=\"Go to Entradas.\" href=\"http:\/\/app.rcastellanos.cdmx.gob.mx\/irc\/investigacion-posgrado\/comunicacion\/publicaciones\/\" class=\"post-root post post-post\" aria-current=\"page\"><span property=\"name\">Entradas<\/span><\/a><meta property=\"position\" content=\"3\"><\/span><\/div>\n\n\n<h2>Requisitos<\/h2>\n\n\n\n<!-- requisitos - Doctorado Ciencias de la Sustentabilidad -->\n  <div>\n    <p>Para realizar el registro, deber\u00e1 cumplir con los requisitos siguientes:<\/p>\n    <p>Adjuntar por separado todos los documentos que a continuaci\u00f3n se enlistan, los originales deben ser escaneados por ambos lados con una resoluci\u00f3n m\u00e1xima de 2 MB cada uno y se deber\u00e1n enviar en formato PDF.  Cartas, CV y texto in\u00e9dito en formato de art\u00edculo deber\u00e1n ir firmados y en PDF.<\/p>\n\n    <ol class=\"lista-letras\">\n      <li>Acta de nacimiento.<\/li>\n      <li>Identificaci\u00f3n oficial (Credencial de Elector o Pasaporte; NO se aceptan licencias de conducir).<\/li>\n      <li>Clave \u00danica de Registro de Poblaci\u00f3n CURP (formato actual o vigente).<\/li>\n      <li>Comprobante de domicilio con antig\u00fcedad no mayor a tres meses (agua, predial, CFE o tel\u00e9fono fijo; NO se aceptan comprobantes bancarios, ni comprobantes de telefon\u00eda m\u00f3vil).<\/li>\n      <li>Grado de Maestr\u00eda original o copia certificada.\n\n        <ol class=\"lista-romana my-5\">\n          <li>Los aspirantes que hayan realizado sus estudios en instituciones nacionales no establecidas en la Ciudad de M\u00e9xico, adem\u00e1s de satisfacer los requisitos establecidos en este punto, deber\u00e1n cumplir con las disposiciones sobre revalidaci\u00f3n, convalidaci\u00f3n, equivalencia y reconocimiento de estudios ante la Direcci\u00f3n de Investigaci\u00f3n y Posgrado del Instituto de Estudios Superiores de la Ciudad de M\u00e9xico \u201cRosario Castellanos\u201d. Para el caso de estudios realizados en el extranjero, deber\u00e1n tramitar de forma previa, la autentificaci\u00f3n o apostilla referida en la Convenci\u00f3n de la Haya y en su caso la traducci\u00f3n simple correspondiente.<\/li>\n          <li>Para el caso de estudios realizados en el Sistema Educativo Nacional, y no contar con el grado correspondiente, deber\u00e1 presentar la constancia de grado que corresponda, debiendo en todo caso, manifestar por escrito, bajo protesta de decir verdad las razones por las cuales no cuenta con el mismo y comprometi\u00e9ndose a presentarlo a m\u00e1s tardar a la conclusi\u00f3n del primer semestre. En caso de no cumplir con la entrega en los t\u00e9rminos de lo solicitado, el estudiante causar\u00e1 baja definitiva.<\/li>\n        <\/ol>\n\n      <\/li>\n\n      <li>Constancia oficial de calificaciones de maestr\u00eda con promedio m\u00ednimo de ocho (8.0) o equivalente.<\/li>\n      <li>Comprobante vigente de comprensi\u00f3n lectora del idioma ingl\u00e9s (UNAM, IPN, TOEFL-IBT 20, IELTS 6.0 o de cualquier otra instituci\u00f3n certificada). Debido a la contingencia provocada por el SARS-CoV-2, En caso de ser seleccionado y cumplir con los requisitos de inscripci\u00f3n, el estudiante podr\u00e1 entregar el comprobante vigente al finalizar el primer semestre.<\/li>\n      <li>Curr\u00edculum Vitae que refleje su conocimiento o experiencia en \u00e1reas afines a las ciencias de la sustentabilidad, incluyendo formaci\u00f3n acad\u00e9mica y participaci\u00f3n en proyectos de investigaci\u00f3n y\/o intervenci\u00f3n.  Extensi\u00f3n m\u00e1xima de tres cuartillas, letra Arial 11, interlineado 1.5.<\/li>\n      <li>Propuesta de anteproyecto de investigaci\u00f3n con extensi\u00f3n m\u00e1xima de cinco cuartillas en PDF, firmada por el aspirante, que se ajuste a las l\u00edneas de investigaci\u00f3n del Doctorado, argumentando su pertinencia. As\u00ed mismo, deber\u00e1 contener los apartados siguientes: \n\n        <ol class=\"lista-romana my-5\">\n          <li>Portada, incluyendo nombre del programa del posgrado, t\u00edtulo del anteproyecto, datos del aspirante y fecha.<\/li>\n          <li>Introducci\u00f3n.<\/li>\n          <li>Antecedentes y marco de referencia.<\/li>\n          <li>Planteamiento del problema.<\/li>\n          <li>Objetivos.<\/li>\n          <li>Propuesta metodol\u00f3gica.<\/li>\n          <li>Cronograma.<\/li>\n          <li>Referencias bajo formato APA 7\u00aa edici\u00f3n.\n            <p class=\"mt-5\">Este anteproyecto ser\u00e1 evaluado tomando en cuenta los criterios siguientes: 1. Relevancia; 2. Pertinencia; 3. Coherencia; 4. Viabilidad t\u00e9cnica; 5. Viabilidad econ\u00f3mica; 6.  Impacto<\/p>\n            <p>Con fuente Arial 11, interlineado 1.5 y siguiendo el formato de citaci\u00f3n de referencias APA 7\u00aa edici\u00f3n.<\/p>\n          <\/li>\n        <\/ol>\n\n      <\/li>\n\n      <li>Carta de autor\u00eda indicando que el texto in\u00e9dito en formato de art\u00edculo enviado para evaluaci\u00f3n es in\u00e9dito y original.<\/li>\n      <li>Carta de exposici\u00f3n de motivos en formato libre, que refleje ampliamente su disposici\u00f3n y compromiso para cursar el programa de posgrado, en donde se expongan las razones personales, profesionales y laborales. M\u00e1ximo una cuartilla, fuente Arial 11, interlineado 1.5.<\/li>\n      <li>Carta en la cual manifieste conocer y aceptar los t\u00e9rminos y condiciones de la presente convocatoria.<\/li>\n      <li>Se deber\u00e1 contar al momento del registro con una cuenta de correo electr\u00f3nico personal e intransferible de uso exclusivo de la persona aspirante.<\/li>\n\n    <\/ol>\n  <\/div>\n\n\n\n<div class=\"wp-block-buttons is-content-justification-center\">\n<div class=\"wp-block-button is-style-fill\"><a class=\"wp-block-button__link\" href=\"http:\/\/app.rcastellanos.cdmx.gob.mx\/irc\/investigacion-posgrado\/wp-content\/uploads\/sites\/6\/2022\/04\/Convocatoria_Posgrado_2022_2.pdf\" target=\"_blank\" rel=\"noreferrer noopener\">Convocatoria<\/a><\/div>\n\n\n\n<div class=\"wp-block-button\"><a class=\"wp-block-button__link\" href=\"https:\/\/edu.rcastellanos.cdmx.gob.mx\/registro_posgrado\/\" target=\"_blank\" rel=\"noreferrer noopener\">Reg\u00edstrate aqu\u00ed<\/a><\/div>\n<\/div>\n<\/div><\/div>\n","protected":false},"excerpt":{"rendered":"","protected":false},"author":1,"featured_media":0,"parent":559,"menu_order":0,"comment_status":"closed","ping_status":"closed","template":"templates\/template-full-width.php","meta":[],"_links":{"self":[{"href":"http:\/\/app.rcastellanos.cdmx.gob.mx\/irc\/investigacion-posgrado\/wp-json\/wp\/v2\/pages\/633"}],"collection":[{"href":"http:\/\/app.rcastellanos.cdmx.gob.mx\/irc\/investigacion-posgrado\/wp-json\/wp\/v2\/pages"}],"about":[{"href":"http:\/\/app.rcastellanos.cdmx.gob.mx\/irc\/investigacion-posgrado\/wp-json\/wp\/v2\/types\/page"}],"author":[{"embeddable":true,"href":"http:\/\/app.rcastellanos.cdmx.gob.mx\/irc\/investigacion-posgrado\/wp-json\/wp\/v2\/users\/1"}],"replies":[{"embeddable":true,"href":"http:\/\/app.rcastellanos.cdmx.gob.mx\/irc\/investigacion-posgrado\/wp-json\/wp\/v2\/comments?post=633"}],"version-history":[{"count":8,"href":"http:\/\/app.rcastellanos.cdmx.gob.mx\/irc\/investigacion-posgrado\/wp-json\/wp\/v2\/pages\/633\/revisions"}],"predecessor-version":[{"id":1305,"href":"http:\/\/app.rcastellanos.cdmx.gob.mx\/irc\/investigacion-posgrado\/wp-json\/wp\/v2\/pages\/633\/revisions\/1305"}],"up":[{"embeddable":true,"href":"http:\/\/app.rcastellanos.cdmx.gob.mx\/irc\/investigacion-posgrado\/wp-json\/wp\/v2\/pages\/559"}],"wp:attachment":[{"href":"http:\/\/app.rcastellanos.cdmx.gob.mx\/irc\/investigacion-posgrado\/wp-json\/wp\/v2\/media?parent=633"}],"curies":[{"name":"wp","href":"https:\/\/api.w.org\/{rel}","templated":true}]}}